{"id":2619,"date":"2020-12-18T15:27:44","date_gmt":"2020-12-18T07:27:44","guid":{"rendered":"https:\/\/www.gudusoft.com\/?page_id=2619"},"modified":"2022-07-29T04:40:32","modified_gmt":"2022-07-29T12:40:32","slug":"data-lineage-knowledge-base","status":"publish","type":"page","link":"https:\/\/www.gudusoft.com\/pt\/base-de-conhecimento-de-linhagem-de-dados\/","title":{"rendered":"Base de conhecimento de ferramentas de linhagem de dados"},"content":{"rendered":"<div class=\"fusion-fullwidth fullwidth-box fusion-builder-row-1 fusion-flex-container nonhundred-percent-fullwidth non-hundred-percent-height-scrolling\" style=\"background-color: rgba(255,255,255,0);background-position: center center;background-repeat: no-repeat;border-width: 0px 0px 0px 0px;border-color:#e8eaf0;border-style:solid;\" ><div class=\"fusion-builder-row fusion-row fusion-flex-align-items-flex-start\" style=\"max-width:1310.4px;margin-left: calc(-4% \/ 2 );margin-right: calc(-4% \/ 2 );\"><div class=\"fusion-layout-column fusion_builder_column fusion-builder-column-0 fusion_builder_column_1_1 1_1 fusion-flex-column\"><div class=\"fusion-column-wrapper fusion-flex-justify-content-flex-start fusion-content-layout-column\" style=\"background-position:left top;background-repeat:no-repeat;-webkit-background-size:cover;-moz-background-size:cover;-o-background-size:cover;background-size:cover;padding: 0px 0px 0px 0px;\"><div class=\"fusion-blog-shortcode fusion-blog-shortcode-1 fusion-blog-archive fusion-blog-layout-medium fusion-blog-pagination\"><div class=\"fusion-posts-container fusion-posts-container-pagination fusion-no-meta-info fusion-blog-rollover\" data-pages=\"17\"><article id=\"blog-1-post-6353\" class=\"fusion-post-medium post-6353 post type-post status-publish format-standard has-post-thumbnail hentry category-uncategorized\">\n\t<style type=\"text\/css\">\n\t\t\n\t\t\n\t\t\n\t\t\n\t\t\t<\/style>\n\n\n\t\t\t<div class=\"fusion-flexslider flexslider fusion-flexslider-loading fusion-post-slideshow\" style=\"\">\n\t\t<ul class=\"slides\">\n\t\t\t\n\t\t\t\t\t\t\t\t\t\t\t\t\t\t<li>\n\n<div  class=\"fusion-image-wrapper fusion-image-size-fixed\" aria-haspopup=\"true\">\n\t\n\t\n\t\t\n\t\t\t\t\t<img width=\"320\" height=\"202\" src=\"https:\/\/www.gudusoft.com\/wp-content\/uploads\/2023\/02\/cropentropycstinysrgbfitmaxfmjpgixidMnw1Mzc1fDB8MXxzZWFyY2h8NTl8fGRhdGF8ZW58MHx8fHwxNjc1NTIyODk0ixlibrb-4.0.3q80w1080type-320x202.jpg\" class=\"attachment-blog-medium size-blog-medium wp-post-image\" alt=\"linhagem de dados\" decoding=\"async\" srcset=\"https:\/\/www.gudusoft.com\/wp-content\/uploads\/2023\/02\/cropentropycstinysrgbfitmaxfmjpgixidMnw1Mzc1fDB8MXxzZWFyY2h8NTl8fGRhdGF8ZW58MHx8fHwxNjc1NTIyODk0ixlibrb-4.0.3q80w1080type-18x10.jpg 18w, https:\/\/www.gudusoft.com\/wp-content\/uploads\/2023\/02\/cropentropycstinysrgbfitmaxfmjpgixidMnw1Mzc1fDB8MXxzZWFyY2h8NTl8fGRhdGF8ZW58MHx8fHwxNjc1NTIyODk0ixlibrb-4.0.3q80w1080type-320x202.jpg 320w, https:\/\/www.gudusoft.com\/wp-content\/uploads\/2023\/02\/cropentropycstinysrgbfitmaxfmjpgixidMnw1Mzc1fDB8MXxzZWFyY2h8NTl8fGRhdGF8ZW58MHx8fHwxNjc1NTIyODk0ixlibrb-4.0.3q80w1080type-700x441.jpg 700w\" sizes=\"(max-width: 320px) 100vw, 320px\" \/>\n\t\n\n\t\t<div class=\"fusion-rollover\">\n\t<div class=\"fusion-rollover-content\">\n\n\t\t\t\t\t\t\t\t\t\t\t\t\t\t<a class=\"fusion-rollover-link\" href=\"https:\/\/www.gudusoft.com\/pt\/linhagem-de-dados-entendendo-a-jornada-dos-seus-dados\/\">Linhagem de dados: entendendo a jornada dos seus dados<\/a>\n\t\t\t\n\t\t\t\t\t\t\t\t\n\t\t\t\t\n\t\t\t\t\t\t\t\t\n\t\t\t\t\t\t\t\t\n\t\t\n\t\t\t\t<a class=\"fusion-link-wrapper\" href=\"https:\/\/www.gudusoft.com\/pt\/linhagem-de-dados-entendendo-a-jornada-dos-seus-dados\/\" aria-label=\"Linhagem de dados: entendendo a jornada dos seus dados\"><\/a>\n\t<\/div>\n<\/div>\n\n\t\n<\/div>\n<\/li>\n\t\t\t\n\t\t\t\n\t\t\t\t\t\t\t\t\t\t\t\t\t\t\t\t\t\t\t\t\t\t\t\t\t\t\t\t\t\t\t\t\t\t\t\t\t\t\t\t\t\t\t\t\t\t\t\t\t\t\t\t\t\t\t\t\t\t\t\t\t\t\t\t\t\t\t\t<\/ul>\n\t<\/div>\n\t<div class=\"fusion-post-content post-content\"><h2 class=\"blog-shortcode-post-title\"><a href=\"https:\/\/www.gudusoft.com\/pt\/linhagem-de-dados-entendendo-a-jornada-dos-seus-dados\/\">Linhagem de dados: entendendo a jornada dos seus dados<\/a><\/h2><div class=\"fusion-post-content-container\"><p>Linhagem de dados e Big data Na era do big data, as organiza\u00e7\u00f5es est\u00e3o confiando cada vez mais em dados para conduzir seu processo de tomada de decis\u00e3o. \u00c9 imperativo que esses dados sejam confi\u00e1veis, precisos e consistentes. Entre na Linhagem de Dados. Dados<\/p><\/div><\/div><div class=\"fusion-clearfix\"><\/div><\/article>\n<article id=\"blog-1-post-5891\" class=\"fusion-post-medium post-5891 post type-post status-publish format-standard has-post-thumbnail hentry category-data-governance-101 category-data-governance-roles tag-benefits-of-logical-data-flow-diagrams tag-benefits-of-physical-data-flow-diagrams tag-data-flow-diagram tag-data-flow-rules tag-gudu-sqlflow tag-logical-data-flow-diagrams tag-physical-data-flow-diagrams tag-what-are-the-symbols-of-a-data-flow-diagram tag-what-is-a-data-flow-diagram tag-why-draw-data-flow-diagrams\">\n\t<style type=\"text\/css\">\n\t\t\n\t\t\n\t\t\n\t\t\n\t\t\t<\/style>\n\n\n\t\t\t<div class=\"fusion-flexslider flexslider fusion-flexslider-loading fusion-post-slideshow\" style=\"\">\n\t\t<ul class=\"slides\">\n\t\t\t\n\t\t\t\t\t\t\t\t\t\t\t\t\t\t<li>\n\n<div  class=\"fusion-image-wrapper fusion-image-size-fixed\" aria-haspopup=\"true\">\n\t\n\t\n\t\t\n\t\t\t\t\t<img width=\"320\" height=\"202\" src=\"https:\/\/www.gudusoft.com\/wp-content\/uploads\/2022\/09\/Data_Flow_Diagram_Concepts_Symbols_Types_and_Tips-1-320x202.png\" class=\"attachment-blog-medium size-blog-medium wp-post-image\" alt=\"Diagrama de fluxo de dados: conceitos, s\u00edmbolos, tipos e dicas\" decoding=\"async\" srcset=\"https:\/\/www.gudusoft.com\/wp-content\/uploads\/2022\/09\/Data_Flow_Diagram_Concepts_Symbols_Types_and_Tips-1-18x12.png 18w, https:\/\/www.gudusoft.com\/wp-content\/uploads\/2022\/09\/Data_Flow_Diagram_Concepts_Symbols_Types_and_Tips-1-200x125.png 200w, https:\/\/www.gudusoft.com\/wp-content\/uploads\/2022\/09\/Data_Flow_Diagram_Concepts_Symbols_Types_and_Tips-1-320x202.png 320w, https:\/\/www.gudusoft.com\/wp-content\/uploads\/2022\/09\/Data_Flow_Diagram_Concepts_Symbols_Types_and_Tips-1-700x441.png 700w\" sizes=\"(max-width: 320px) 100vw, 320px\" \/>\n\t\n\n\t\t<div class=\"fusion-rollover\">\n\t<div class=\"fusion-rollover-content\">\n\n\t\t\t\t\t\t\t\t\t\t\t\t\t\t<a class=\"fusion-rollover-link\" href=\"https:\/\/www.gudusoft.com\/pt\/diagrama-de-fluxo-de-dados-conceitos-simbolos-tipos-e-dicas\/\">Diagrama de fluxo de dados: conceitos, s\u00edmbolos, tipos e dicas<\/a>\n\t\t\t\n\t\t\t\t\t\t\t\t\n\t\t\t\t\n\t\t\t\t\t\t\t\t\n\t\t\t\t\t\t\t\t\n\t\t\n\t\t\t\t<a class=\"fusion-link-wrapper\" href=\"https:\/\/www.gudusoft.com\/pt\/diagrama-de-fluxo-de-dados-conceitos-simbolos-tipos-e-dicas\/\" aria-label=\"Diagrama de fluxo de dados: conceitos, s\u00edmbolos, tipos e dicas\"><\/a>\n\t<\/div>\n<\/div>\n\n\t\n<\/div>\n<\/li>\n\t\t\t\n\t\t\t\n\t\t\t\t\t\t\t\t\t\t\t\t\t\t\t\t\t\t\t\t\t\t\t\t\t\t\t\t\t\t\t\t\t\t\t\t\t\t\t\t\t\t\t\t\t\t\t\t\t\t\t\t\t\t\t\t\t\t\t\t\t\t\t\t\t\t\t\t<\/ul>\n\t<\/div>\n\t<div class=\"fusion-post-content post-content\"><h2 class=\"blog-shortcode-post-title\"><a href=\"https:\/\/www.gudusoft.com\/pt\/diagrama-de-fluxo-de-dados-conceitos-simbolos-tipos-e-dicas\/\">Diagrama de fluxo de dados: conceitos, s\u00edmbolos, tipos e dicas<\/a><\/h2><div class=\"fusion-post-content-container\"><p> Diagrama de fluxo de dados: conceitos, s\u00edmbolos, tipos e dicas O que \u00e9 um diagrama de fluxo de dados? Por que desenhar diagramas de fluxo de dados? Quais s\u00e3o os s\u00edmbolos de um diagrama de fluxo de dados? Quais s\u00e3o as regras para o fluxo de dados? Qual \u00e9 a diferen\u00e7a<\/p><\/div><\/div><div class=\"fusion-clearfix\"><\/div><\/article>\n<article id=\"blog-1-post-5867\" class=\"fusion-post-medium post-5867 post type-post status-publish format-standard has-post-thumbnail hentry category-data-governance-101 category-data-governance-roles tag-critical-components-of-successful-data-governance tag-data-governance tag-data-governance-tools tag-data-mining tag-data-quality tag-data-strategy tag-gudu-sqlflow tag-metadata tag-metadata-management\">\n\t<style type=\"text\/css\">\n\t\t\n\t\t\n\t\t\n\t\t\n\t\t\t<\/style>\n\n\n\t\t\t<div class=\"fusion-flexslider flexslider fusion-flexslider-loading fusion-post-slideshow\" style=\"\">\n\t\t<ul class=\"slides\">\n\t\t\t\n\t\t\t\t\t\t\t\t\t\t\t\t\t\t<li>\n\n<div  class=\"fusion-image-wrapper fusion-image-size-fixed\" aria-haspopup=\"true\">\n\t\n\t\n\t\t\n\t\t\t\t\t<img width=\"320\" height=\"202\" src=\"https:\/\/www.gudusoft.com\/wp-content\/uploads\/2022\/09\/Critical_Components_of_Successful_Data_Governance-2-320x202.png\" class=\"attachment-blog-medium size-blog-medium wp-post-image\" alt=\"Componentes cr\u00edticos de uma governan\u00e7a de dados bem-sucedida\" decoding=\"async\" srcset=\"https:\/\/www.gudusoft.com\/wp-content\/uploads\/2022\/09\/Critical_Components_of_Successful_Data_Governance-2-320x202.png 320w, https:\/\/www.gudusoft.com\/wp-content\/uploads\/2022\/09\/Critical_Components_of_Successful_Data_Governance-2-700x441.png 700w\" sizes=\"(max-width: 320px) 100vw, 320px\" \/>\n\t\n\n\t\t<div class=\"fusion-rollover\">\n\t<div class=\"fusion-rollover-content\">\n\n\t\t\t\t\t\t\t\t\t\t\t\t\t\t<a class=\"fusion-rollover-link\" href=\"https:\/\/www.gudusoft.com\/pt\/componentes-criticos-de-uma-governanca-de-dados-bem-sucedida\/\">6 componentes cr\u00edticos para uma governan\u00e7a de dados bem-sucedida<\/a>\n\t\t\t\n\t\t\t\t\t\t\t\t\n\t\t\t\t\n\t\t\t\t\t\t\t\t\n\t\t\t\t\t\t\t\t\n\t\t\n\t\t\t\t<a class=\"fusion-link-wrapper\" href=\"https:\/\/www.gudusoft.com\/pt\/componentes-criticos-de-uma-governanca-de-dados-bem-sucedida\/\" aria-label=\"6 componentes cr\u00edticos para uma governan\u00e7a de dados bem-sucedida\"><\/a>\n\t<\/div>\n<\/div>\n\n\t\n<\/div>\n<\/li>\n\t\t\t\n\t\t\t\n\t\t\t\t\t\t\t\t\t\t\t\t\t\t\t\t\t\t\t\t\t\t\t\t\t\t\t\t\t\t\t\t\t\t\t\t\t\t\t\t\t\t\t\t\t\t\t\t\t\t\t\t\t\t\t\t\t\t\t\t\t\t\t\t\t\t\t\t<\/ul>\n\t<\/div>\n\t<div class=\"fusion-post-content post-content\"><h2 class=\"blog-shortcode-post-title\"><a href=\"https:\/\/www.gudusoft.com\/pt\/componentes-criticos-de-uma-governanca-de-dados-bem-sucedida\/\">6 componentes cr\u00edticos para uma governan\u00e7a de dados bem-sucedida<\/a><\/h2><div class=\"fusion-post-content-container\"><p> 6 componentes cr\u00edticos de uma governan\u00e7a de dados bem-sucedida Uma boa governan\u00e7a de dados e an\u00e1lises permite decis\u00f5es mais r\u00e1pidas e inteligentes. Os l\u00edderes de dados e an\u00e1lises, incluindo os diretores de dados, devem garantir que seus ativos de dados e an\u00e1lises sejam bem governados para atingir a estrat\u00e9gia de neg\u00f3cios e<\/p><\/div><\/div><div class=\"fusion-clearfix\"><\/div><\/article>\n<article id=\"blog-1-post-5849\" class=\"fusion-post-medium post-5849 post type-post status-publish format-standard has-post-thumbnail hentry category-data-governance-101 category-data-governance-roles tag-data-governance tag-data-governance-benefits tag-gudu-sqlflow tag-what-are-the-benefits-of-data-governance tag-what-are-the-problems-faced-by-big-data-governance tag-what-is-data-governance tag-why-data-governance-is-a-must-for-any-organization tag-why-data-governance-is-a-must\">\n\t<style type=\"text\/css\">\n\t\t\n\t\t\n\t\t\n\t\t\n\t\t\t<\/style>\n\n\n\t\t\t<div class=\"fusion-flexslider flexslider fusion-flexslider-loading fusion-post-slideshow\" style=\"\">\n\t\t<ul class=\"slides\">\n\t\t\t\n\t\t\t\t\t\t\t\t\t\t\t\t\t\t<li>\n\n<div  class=\"fusion-image-wrapper fusion-image-size-fixed\" aria-haspopup=\"true\">\n\t\n\t\n\t\t\n\t\t\t\t\t<img width=\"320\" height=\"202\" src=\"https:\/\/www.gudusoft.com\/wp-content\/uploads\/2022\/09\/Why_data_governance_is_a_must_for_any_organization-2-320x202.png\" class=\"attachment-blog-medium size-blog-medium wp-post-image\" alt=\"Por que a governan\u00e7a de dados \u00e9 essencial para qualquer organiza\u00e7\u00e3o?\" decoding=\"async\" srcset=\"https:\/\/www.gudusoft.com\/wp-content\/uploads\/2022\/09\/Why_data_governance_is_a_must_for_any_organization-2-18x10.png 18w, https:\/\/www.gudusoft.com\/wp-content\/uploads\/2022\/09\/Why_data_governance_is_a_must_for_any_organization-2-320x202.png 320w, https:\/\/www.gudusoft.com\/wp-content\/uploads\/2022\/09\/Why_data_governance_is_a_must_for_any_organization-2-700x441.png 700w\" sizes=\"(max-width: 320px) 100vw, 320px\" \/>\n\t\n\n\t\t<div class=\"fusion-rollover\">\n\t<div class=\"fusion-rollover-content\">\n\n\t\t\t\t\t\t\t\t\t\t\t\t\t\t<a class=\"fusion-rollover-link\" href=\"https:\/\/www.gudusoft.com\/pt\/por-que-a-governanca-de-dados-e-essencial\/\">Por que a governan\u00e7a de dados \u00e9 essencial para qualquer organiza\u00e7\u00e3o?<\/a>\n\t\t\t\n\t\t\t\t\t\t\t\t\n\t\t\t\t\n\t\t\t\t\t\t\t\t\n\t\t\t\t\t\t\t\t\n\t\t\n\t\t\t\t<a class=\"fusion-link-wrapper\" href=\"https:\/\/www.gudusoft.com\/pt\/por-que-a-governanca-de-dados-e-essencial\/\" aria-label=\"Por que a governan\u00e7a de dados \u00e9 essencial para qualquer organiza\u00e7\u00e3o?\"><\/a>\n\t<\/div>\n<\/div>\n\n\t\n<\/div>\n<\/li>\n\t\t\t\n\t\t\t\n\t\t\t\t\t\t\t\t\t\t\t\t\t\t\t\t\t\t\t\t\t\t\t\t\t\t\t\t\t\t\t\t\t\t\t\t\t\t\t\t\t\t\t\t\t\t\t\t\t\t\t\t\t\t\t\t\t\t\t\t\t\t\t\t\t\t\t\t<\/ul>\n\t<\/div>\n\t<div class=\"fusion-post-content post-content\"><h2 class=\"blog-shortcode-post-title\"><a href=\"https:\/\/www.gudusoft.com\/pt\/por-que-a-governanca-de-dados-e-essencial\/\">Por que a governan\u00e7a de dados \u00e9 essencial para qualquer organiza\u00e7\u00e3o?<\/a><\/h2><div class=\"fusion-post-content-container\"><p> Por que a governan\u00e7a de dados \u00e9 essencial para qualquer organiza\u00e7\u00e3o? O que \u00e9 governan\u00e7a de dados? Quais s\u00e3o os problemas enfrentados pela governan\u00e7a de big data? Por que a governan\u00e7a de dados \u00e9 essencial para qualquer organiza\u00e7\u00e3o? Quais s\u00e3o os benef\u00edcios da governan\u00e7a de dados? Se<\/p><\/div><\/div><div class=\"fusion-clearfix\"><\/div><\/article>\n<article id=\"blog-1-post-5830\" class=\"fusion-post-medium post-5830 post type-post status-publish format-standard has-post-thumbnail hentry category-data-governance-101 category-data-governance-roles tag-benefits-of-data-governance tag-data-governance tag-data-governance-benefits tag-gudu-sqlflow\">\n\t<style type=\"text\/css\">\n\t\t\n\t\t\n\t\t\n\t\t\n\t\t\t<\/style>\n\n\n\t\t\t<div class=\"fusion-flexslider flexslider fusion-flexslider-loading fusion-post-slideshow\" style=\"\">\n\t\t<ul class=\"slides\">\n\t\t\t\n\t\t\t\t\t\t\t\t\t\t\t\t\t\t<li>\n\n<div  class=\"fusion-image-wrapper fusion-image-size-fixed\" aria-haspopup=\"true\">\n\t\n\t\n\t\t\n\t\t\t\t\t<img width=\"320\" height=\"202\" src=\"https:\/\/www.gudusoft.com\/wp-content\/uploads\/2022\/09\/Data_Governance_Benefits-2-320x202.png\" class=\"attachment-blog-medium size-blog-medium wp-post-image\" alt=\"Benef\u00edcios da Governan\u00e7a de Dados\" decoding=\"async\" srcset=\"https:\/\/www.gudusoft.com\/wp-content\/uploads\/2022\/09\/Data_Governance_Benefits-2-18x12.png 18w, https:\/\/www.gudusoft.com\/wp-content\/uploads\/2022\/09\/Data_Governance_Benefits-2-320x202.png 320w, https:\/\/www.gudusoft.com\/wp-content\/uploads\/2022\/09\/Data_Governance_Benefits-2-700x441.png 700w\" sizes=\"(max-width: 320px) 100vw, 320px\" \/>\n\t\n\n\t\t<div class=\"fusion-rollover\">\n\t<div class=\"fusion-rollover-content\">\n\n\t\t\t\t\t\t\t\t\t\t\t\t\t\t<a class=\"fusion-rollover-link\" href=\"https:\/\/www.gudusoft.com\/pt\/beneficios-da-governanca-de-dados\/\">Os 5 principais benef\u00edcios da governan\u00e7a de dados para hoje e a longo prazo<\/a>\n\t\t\t\n\t\t\t\t\t\t\t\t\n\t\t\t\t\n\t\t\t\t\t\t\t\t\n\t\t\t\t\t\t\t\t\n\t\t\n\t\t\t\t<a class=\"fusion-link-wrapper\" href=\"https:\/\/www.gudusoft.com\/pt\/beneficios-da-governanca-de-dados\/\" aria-label=\"Os 5 principais benef\u00edcios da governan\u00e7a de dados para hoje e a longo prazo\"><\/a>\n\t<\/div>\n<\/div>\n\n\t\n<\/div>\n<\/li>\n\t\t\t\n\t\t\t\n\t\t\t\t\t\t\t\t\t\t\t\t\t\t\t\t\t\t\t\t\t\t\t\t\t\t\t\t\t\t\t\t\t\t\t\t\t\t\t\t\t\t\t\t\t\t\t\t\t\t\t\t\t\t\t\t\t\t\t\t\t\t\t\t\t\t\t\t<\/ul>\n\t<\/div>\n\t<div class=\"fusion-post-content post-content\"><h2 class=\"blog-shortcode-post-title\"><a href=\"https:\/\/www.gudusoft.com\/pt\/beneficios-da-governanca-de-dados\/\">Os 5 principais benef\u00edcios da governan\u00e7a de dados para hoje e a longo prazo<\/a><\/h2><div class=\"fusion-post-content-container\"><p> Os 5 principais benef\u00edcios da governan\u00e7a de dados para hoje e a longo prazo Com a maturidade cont\u00ednua das tecnologias relacionadas a big data, os dados como um ativo t\u00eam recebido cada vez mais aten\u00e7\u00e3o de empresas e institui\u00e7\u00f5es. Para utilizar dados de forma eficaz<\/p><\/div><\/div><div class=\"fusion-clearfix\"><\/div><\/article>\n<article id=\"blog-1-post-5810\" class=\"fusion-post-medium post-5810 post type-post status-publish format-standard has-post-thumbnail hentry category-data-governance-101 category-data-governance-roles tag-data-governance-drivers tag-definition-of-data-governance tag-gudu-sqlflow tag-purpose-of-data-governance tag-scope-of-the-data-governance-project tag-the-way-of-data-governance tag-ultimate-guide-to-data-governance\">\n\t<style type=\"text\/css\">\n\t\t\n\t\t\n\t\t\n\t\t\n\t\t\t<\/style>\n\n\n\t\t\t<div class=\"fusion-flexslider flexslider fusion-flexslider-loading fusion-post-slideshow\" style=\"\">\n\t\t<ul class=\"slides\">\n\t\t\t\n\t\t\t\t\t\t\t\t\t\t\t\t\t\t<li>\n\n<div  class=\"fusion-image-wrapper fusion-image-size-fixed\" aria-haspopup=\"true\">\n\t\n\t\n\t\t\n\t\t\t\t\t<img width=\"320\" height=\"202\" src=\"https:\/\/www.gudusoft.com\/wp-content\/uploads\/2022\/09\/The_Ultimate_Guide_to_Data_Governance-2-320x202.png\" class=\"attachment-blog-medium size-blog-medium wp-post-image\" alt=\"O guia definitivo para governan\u00e7a de dados\" decoding=\"async\" srcset=\"https:\/\/www.gudusoft.com\/wp-content\/uploads\/2022\/09\/The_Ultimate_Guide_to_Data_Governance-2-18x10.png 18w, https:\/\/www.gudusoft.com\/wp-content\/uploads\/2022\/09\/The_Ultimate_Guide_to_Data_Governance-2-320x202.png 320w, https:\/\/www.gudusoft.com\/wp-content\/uploads\/2022\/09\/The_Ultimate_Guide_to_Data_Governance-2-700x441.png 700w\" sizes=\"(max-width: 320px) 100vw, 320px\" \/>\n\t\n\n\t\t<div class=\"fusion-rollover\">\n\t<div class=\"fusion-rollover-content\">\n\n\t\t\t\t\t\t\t\t\t\t\t\t\t\t<a class=\"fusion-rollover-link\" href=\"https:\/\/www.gudusoft.com\/pt\/guia-definitivo-para-governanca-de-dados\/\">O guia definitivo para governan\u00e7a de dados | Gudu SQLFlow<\/a>\n\t\t\t\n\t\t\t\t\t\t\t\t\n\t\t\t\t\n\t\t\t\t\t\t\t\t\n\t\t\t\t\t\t\t\t\n\t\t\n\t\t\t\t<a class=\"fusion-link-wrapper\" href=\"https:\/\/www.gudusoft.com\/pt\/guia-definitivo-para-governanca-de-dados\/\" aria-label=\"O guia definitivo para governan\u00e7a de dados | Gudu SQLFlow\"><\/a>\n\t<\/div>\n<\/div>\n\n\t\n<\/div>\n<\/li>\n\t\t\t\n\t\t\t\n\t\t\t\t\t\t\t\t\t\t\t\t\t\t\t\t\t\t\t\t\t\t\t\t\t\t\t\t\t\t\t\t\t\t\t\t\t\t\t\t\t\t\t\t\t\t\t\t\t\t\t\t\t\t\t\t\t\t\t\t\t\t\t\t\t\t\t\t<\/ul>\n\t<\/div>\n\t<div class=\"fusion-post-content post-content\"><h2 class=\"blog-shortcode-post-title\"><a href=\"https:\/\/www.gudusoft.com\/pt\/guia-definitivo-para-governanca-de-dados\/\">O guia definitivo para governan\u00e7a de dados | Gudu SQLFlow<\/a><\/h2><div class=\"fusion-post-content-container\"><p> O Guia Definitivo para Governan\u00e7a de Dados O que \u00e9 governan\u00e7a de dados? Qual \u00e9 o prop\u00f3sito da governan\u00e7a de dados? Quais s\u00e3o as formas de governan\u00e7a de dados? Qual \u00e9 o escopo de um projeto de governan\u00e7a de dados? Se voc\u00ea est\u00e1 procurando respostas para essas<\/p><\/div><\/div><div class=\"fusion-clearfix\"><\/div><\/article>\n<\/div><div class=\"pagination clearfix\"><span class=\"current\">1<\/span><a href=\"https:\/\/www.gudusoft.com\/pt\/wp-json\/wp\/v2\/pages\/2619\/page\/2\/\" class=\"inactive\">2<\/a><a class=\"pagination-next\" rel=\"next\" href=\"https:\/\/www.gudusoft.com\/pt\/wp-json\/wp\/v2\/pages\/2619\/page\/2\/\"><span class=\"page-text\">Next<\/span><span class=\"page-next\"><\/span><\/a><\/div><div class=\"fusion-clearfix\"><\/div><\/div><\/div><\/div><style type=\"text\/css\">.fusion-body .fusion-builder-column-0{width:100% !important;margin-top : 0px;margin-bottom : 20px;}.fusion-builder-column-0 > .fusion-column-wrapper {padding-top : 0px !important;padding-right : 0px !important;margin-right : 1.92%;padding-bottom : 0px !important;padding-left : 0px !important;margin-left : 1.92%;}@media only screen and (max-width:1024px) {.fusion-body .fusion-builder-column-0{width:100% !important;order : 0;}.fusion-builder-column-0 > .fusion-column-wrapper {margin-right : 1.92%;margin-left : 1.92%;}}@media only screen and (max-width:640px) {.fusion-body .fusion-builder-column-0{width:100% !important;order : 0;}.fusion-builder-column-0 > .fusion-column-wrapper {margin-right : 1.92%;margin-left : 1.92%;}}<\/style><\/div><style type=\"text\/css\">.fusion-body .fusion-flex-container.fusion-builder-row-1{ padding-top : 0px;margin-top : 0px;padding-right : 0px;padding-bottom : 0px;margin-bottom : 0px;padding-left : 0px;}<\/style><\/div>","protected":false},"excerpt":{"rendered":"","protected":false},"author":1,"featured_media":0,"parent":0,"menu_order":0,"comment_status":"closed","ping_status":"closed","template":"","meta":[],"_links":{"self":[{"href":"https:\/\/www.gudusoft.com\/pt\/wp-json\/wp\/v2\/pages\/2619"}],"collection":[{"href":"https:\/\/www.gudusoft.com\/pt\/wp-json\/wp\/v2\/pages"}],"about":[{"href":"https:\/\/www.gudusoft.com\/pt\/wp-json\/wp\/v2\/types\/page"}],"author":[{"embeddable":true,"href":"https:\/\/www.gudusoft.com\/pt\/wp-json\/wp\/v2\/users\/1"}],"replies":[{"embeddable":true,"href":"https:\/\/www.gudusoft.com\/pt\/wp-json\/wp\/v2\/comments?post=2619"}],"version-history":[{"count":7,"href":"https:\/\/www.gudusoft.com\/pt\/wp-json\/wp\/v2\/pages\/2619\/revisions"}],"predecessor-version":[{"id":5290,"href":"https:\/\/www.gudusoft.com\/pt\/wp-json\/wp\/v2\/pages\/2619\/revisions\/5290"}],"wp:attachment":[{"href":"https:\/\/www.gudusoft.com\/pt\/wp-json\/wp\/v2\/media?parent=2619"}],"curies":[{"name":"wp","href":"https:\/\/api.w.org\/{rel}","templated":true}]}}