{"id":1849,"date":"2020-11-28T06:59:10","date_gmt":"2020-11-28T06:59:10","guid":{"rendered":"https:\/\/www.gudusoft.com\/?page_id=1849"},"modified":"2022-04-19T05:19:57","modified_gmt":"2022-04-19T13:19:57","slug":"video-tutorial","status":"publish","type":"page","link":"https:\/\/www.gudusoft.com\/pt\/video-tutorial\/","title":{"rendered":"Tutorial em v\u00eddeo"},"content":{"rendered":"<div class=\"fusion-fullwidth fullwidth-box fusion-builder-row-1 fusion-flex-container nonhundred-percent-fullwidth non-hundred-percent-height-scrolling\" style=\"background-color: rgba(255,255,255,0);background-position: center center;background-repeat: no-repeat;border-width: 0px 0px 0px 0px;border-color:#e8eaf0;border-style:solid;\" ><div class=\"fusion-builder-row fusion-row fusion-flex-align-items-flex-start\" style=\"max-width:1310.4px;margin-left: calc(-4% \/ 2 );margin-right: calc(-4% \/ 2 );\"><div class=\"fusion-layout-column fusion_builder_column fusion-builder-column-0 fusion_builder_column_1_1 1_1 fusion-flex-column\"><div class=\"fusion-column-wrapper fusion-flex-justify-content-flex-start fusion-content-layout-column\" style=\"background-position:left top;background-repeat:no-repeat;-webkit-background-size:cover;-moz-background-size:cover;-o-background-size:cover;background-size:cover;background-color:#ffffff;padding: 0px 0px 0px 0px;\"><div class=\"fusion-recent-posts fusion-recent-posts-1 avada-container layout-thumbnails-on-side layout-columns-3\"><section class=\"fusion-columns columns fusion-columns-3 columns-3\"><article class=\"post fusion-column column col col-lg-4 col-md-4 col-sm-4\"><div class=\"recent-posts-content\"><h4 class=\"\"><a href=\"https:\/\/www.gudusoft.com\/pt\/conecte-o-grabit-ao-sqlflow-na-versao-premise\/\">Capture a linhagem de dados no SQL Server (grabit, vers\u00e3o local)<\/a><\/h4><p class=\"meta\"><\/p><p> Capture the data lineage in SQL Server (grabit,SQLFlow On-Premise)  After installing the SQLFlow on your own site, you can paste the SQL script or upload a bunch of SQL files to the SQLFlow<\/p><\/div><\/article><article class=\"post fusion-column column col col-lg-4 col-md-4 col-sm-4\"><div class=\"recent-posts-content\"><h4 class=\"\"><a href=\"https:\/\/www.gudusoft.com\/pt\/install-sqlflow-on-premise-version-on-your-own-site\/\">Instale a vers\u00e3o SQLFlow On-Premise em seu pr\u00f3prio site<\/a><\/h4><p class=\"meta\"><\/p><p> SQLFlow On-Premise version allows you to install the SQLFlow on your own site. It is safe, secure, and fast, with no data transferred over the internet when analyzing the data lineage from your SQL<\/p><\/div><\/article><article class=\"post fusion-column column col col-lg-4 col-md-4 col-sm-4\"><div class=\"recent-posts-content\"><h4 class=\"\"><a href=\"https:\/\/www.gudusoft.com\/pt\/descubra-a-linhagem-de-dados-do-sql-server-em-3-minutos\/\">Descubra a linhagem de dados do SQL Server em 3 minutos<\/a><\/h4><p class=\"meta\"><\/p><p> This article illustrates how to discover SQL Server data lineage in 3 minutes by using the Grabit tool together with the SQLFlow. Steps to capture data lineage in the SQL Server database: Export SQL<\/p><\/div><\/article><article class=\"post fusion-column column col col-lg-4 col-md-4 col-sm-4\"><div class=\"fusion-flexslider fusion-flexslider-loading flexslider floated-slideshow flexslider-hover-type-zoomout\"><ul class=\"slides\"><li><a href=\"https:\/\/www.gudusoft.com\/pt\/configuracoes-do-tutorial-do-sqlflow\/\" aria-label=\"Op\u00e7\u00f5es de visualiza\u00e7\u00e3o de linhagem de dados do tutorial SQLFlow\" class=\"hover-type-zoomout\"><img width=\"177\" height=\"142\" src=\"https:\/\/www.gudusoft.com\/wp-content\/uploads\/2020\/11\/tutorial_setting-177x142.png\" class=\"attachment-portfolio-five size-portfolio-five\" alt=\"\" decoding=\"async\" \/><\/a><\/li><\/ul><\/div><div class=\"recent-posts-content\"><h4 class=\"\"><a href=\"https:\/\/www.gudusoft.com\/pt\/configuracoes-do-tutorial-do-sqlflow\/\">Op\u00e7\u00f5es de visualiza\u00e7\u00e3o de linhagem de dados do tutorial SQLFlow<\/a><\/h4><p class=\"meta\"><\/p><p>    <\/p><\/div><\/article><article class=\"post fusion-column column col col-lg-4 col-md-4 col-sm-4\"><div class=\"fusion-flexslider fusion-flexslider-loading flexslider floated-slideshow flexslider-hover-type-zoomout\"><ul class=\"slides\"><li><a href=\"https:\/\/www.gudusoft.com\/pt\/sqlflow-tutorial-digram-painel\/\" aria-label=\"Tutorial SQLFlow navega\u00e7\u00e3o de linhagem de dados\" class=\"hover-type-zoomout\"><img width=\"177\" height=\"142\" src=\"https:\/\/www.gudusoft.com\/wp-content\/uploads\/2020\/11\/tutorial_diagram_panel-177x142.jpg\" class=\"attachment-portfolio-five size-portfolio-five\" alt=\"exemplo de linhagem de dados\" decoding=\"async\" \/><\/a><\/li><\/ul><\/div><div class=\"recent-posts-content\"><h4 class=\"\"><a href=\"https:\/\/www.gudusoft.com\/pt\/sqlflow-tutorial-digram-painel\/\">Tutorial SQLFlow navega\u00e7\u00e3o de linhagem de dados<\/a><\/h4><p class=\"meta\"><\/p><p>    <\/p><\/div><\/article><article class=\"post fusion-column column col col-lg-4 col-md-4 col-sm-4\"><div class=\"fusion-flexslider fusion-flexslider-loading flexslider floated-slideshow flexslider-hover-type-zoomout\"><ul class=\"slides\"><li><a href=\"https:\/\/www.gudusoft.com\/pt\/sqlflow-tutorial-schema-explorer\/\" aria-label=\"Tutorial SQLFlow pesquisa tabela e visualiza\u00e7\u00e3o\" class=\"hover-type-zoomout\"><img width=\"177\" height=\"142\" src=\"https:\/\/www.gudusoft.com\/wp-content\/uploads\/2020\/11\/tutorial_schema_explorer-177x142.png\" class=\"attachment-portfolio-five size-portfolio-five\" alt=\"\" decoding=\"async\" \/><\/a><\/li><\/ul><\/div><div class=\"recent-posts-content\"><h4 class=\"\"><a href=\"https:\/\/www.gudusoft.com\/pt\/sqlflow-tutorial-schema-explorer\/\">Tutorial SQLFlow pesquisa tabela e visualiza\u00e7\u00e3o<\/a><\/h4><p class=\"meta\"><\/p><p>     <\/p><\/div><\/article><\/section><\/div><\/div><\/div><style type=\"text\/css\">.fusion-body .fusion-builder-column-0{width:100% !important;margin-top : 0px;margin-bottom : 20px;}.fusion-builder-column-0 > .fusion-column-wrapper {padding-top : 0px !important;padding-right : 0px !important;margin-right : 1.92%;padding-bottom : 0px !important;padding-left : 0px !important;margin-left : 1.92%;}@media only screen and (max-width:1024px) {.fusion-body .fusion-builder-column-0{width:100% !important;order : 0;}.fusion-builder-column-0 > .fusion-column-wrapper {margin-right : 1.92%;margin-left : 1.92%;}}@media only screen and (max-width:640px) {.fusion-body .fusion-builder-column-0{width:100% !important;order : 0;}.fusion-builder-column-0 > .fusion-column-wrapper {margin-right : 1.92%;margin-left : 1.92%;}}<\/style><\/div><style type=\"text\/css\">.fusion-body .fusion-flex-container.fusion-builder-row-1{ padding-top : 0px;margin-top : 0px;padding-right : 0px;padding-bottom : 0px;margin-bottom : 0px;padding-left : 0px;}<\/style><\/div>","protected":false},"excerpt":{"rendered":"","protected":false},"author":1,"featured_media":0,"parent":0,"menu_order":0,"comment_status":"closed","ping_status":"closed","template":"","meta":[],"_links":{"self":[{"href":"https:\/\/www.gudusoft.com\/pt\/wp-json\/wp\/v2\/pages\/1849"}],"collection":[{"href":"https:\/\/www.gudusoft.com\/pt\/wp-json\/wp\/v2\/pages"}],"about":[{"href":"https:\/\/www.gudusoft.com\/pt\/wp-json\/wp\/v2\/types\/page"}],"author":[{"embeddable":true,"href":"https:\/\/www.gudusoft.com\/pt\/wp-json\/wp\/v2\/users\/1"}],"replies":[{"embeddable":true,"href":"https:\/\/www.gudusoft.com\/pt\/wp-json\/wp\/v2\/comments?post=1849"}],"version-history":[{"count":6,"href":"https:\/\/www.gudusoft.com\/pt\/wp-json\/wp\/v2\/pages\/1849\/revisions"}],"predecessor-version":[{"id":3368,"href":"https:\/\/www.gudusoft.com\/pt\/wp-json\/wp\/v2\/pages\/1849\/revisions\/3368"}],"wp:attachment":[{"href":"https:\/\/www.gudusoft.com\/pt\/wp-json\/wp\/v2\/media?parent=1849"}],"curies":[{"name":"wp","href":"https:\/\/api.w.org\/{rel}","templated":true}]}}