{"id":1840,"date":"2020-11-28T06:54:37","date_gmt":"2020-11-28T06:54:37","guid":{"rendered":"https:\/\/www.gudusoft.com\/?page_id=1840"},"modified":"2022-09-17T01:36:19","modified_gmt":"2022-09-17T09:36:19","slug":"get-started-with-data-lineage-example","status":"publish","type":"page","link":"https:\/\/www.gudusoft.com\/pt\/comece-com-exemplo-de-linhagem-de-dados\/","title":{"rendered":"Come\u00e7ar"},"content":{"rendered":"<p><div class=\"fusion-fullwidth fullwidth-box fusion-builder-row-1 fusion-flex-container nonhundred-percent-fullwidth non-hundred-percent-height-scrolling\" style=\"background-color: rgba(255,255,255,0);background-position: center center;background-repeat: no-repeat;border-width: 0px 0px 0px 0px;border-color:#e8eaf0;border-style:solid;\" ><div class=\"fusion-builder-row fusion-row fusion-flex-align-items-flex-start\" style=\"max-width:1310.4px;margin-left: calc(-4% \/ 2 );margin-right: calc(-4% \/ 2 );\"><div class=\"fusion-layout-column fusion_builder_column fusion-builder-column-0 fusion_builder_column_1_1 1_1 fusion-flex-column\"><div class=\"fusion-column-wrapper fusion-flex-justify-content-flex-start fusion-content-layout-column\" style=\"background-position:left top;background-repeat:no-repeat;-webkit-background-size:cover;-moz-background-size:cover;-o-background-size:cover;background-size:cover;padding: 0px 0px 0px 0px;\"><style type=\"text\/css\">@media only screen and (max-width:1024px) {.fusion-title.fusion-title-1{margin-top:10px!important;margin-bottom:20px!important;}}<\/style><div class=\"fusion-title title fusion-title-1 fusion-sep-none fusion-title-text fusion-title-size-one\" style=\"margin-top:10px;margin-bottom:20px;\"><h1 class=\"title-heading-left\" style=\"margin:0;\"><p style=\"text-align: center;\">Comece com exemplo de linhagem de dados, tutorial e c\u00f3digo<\/p><\/h1><\/div><div style=\"text-align:center;\"><span class=\"fusion-imageframe imageframe-none imageframe-1 hover-type-none\"><a class=\"fusion-no-lightbox\" href=\"https:\/\/sqlflow.gudusoft.com\" target=\"_blank\" aria-label=\"exemplo de linhagem de dados\" rel=\"noopener noreferrer\"><img decoding=\"async\" width=\"514\" height=\"295\" alt=\"exemplo de linhagem de dados\" src=\"https:\/\/www.gudusoft.com\/wp-content\/uploads\/2020\/11\/tutorial_diagram_panel.jpg\" class=\"img-responsive wp-image-1962\" srcset=\"https:\/\/www.gudusoft.com\/wp-content\/uploads\/2020\/11\/tutorial_diagram_panel-200x115.jpg 200w, https:\/\/www.gudusoft.com\/wp-content\/uploads\/2020\/11\/tutorial_diagram_panel-400x230.jpg 400w, https:\/\/www.gudusoft.com\/wp-content\/uploads\/2020\/11\/tutorial_diagram_panel.jpg 514w\" sizes=\"(max-width: 1024px) 100vw, (max-width: 640px) 100vw, 514px\" \/><\/a><\/span><\/div><\/div><\/div><style type=\"text\/css\">.fusion-body .fusion-builder-column-0{width:100% !important;margin-top : 0px;margin-bottom : 20px;}.fusion-builder-column-0 > .fusion-column-wrapper {padding-top : 0px !important;padding-right : 0px !important;margin-right : 1.92%;padding-bottom : 0px !important;padding-left : 0px !important;margin-left : 1.92%;}@media only screen and (max-width:1024px) {.fusion-body .fusion-builder-column-0{width:100% !important;order : 0;}.fusion-builder-column-0 > .fusion-column-wrapper {margin-right : 1.92%;margin-left : 1.92%;}}@media only screen and (max-width:640px) {.fusion-body .fusion-builder-column-0{width:100% !important;order : 0;}.fusion-builder-column-0 > .fusion-column-wrapper {margin-right : 1.92%;margin-left : 1.92%;}}<\/style><\/div><style type=\"text\/css\">.fusion-body .fusion-flex-container.fusion-builder-row-1{ padding-top : 0px;margin-top : 0px;padding-right : 0px;padding-bottom : 0px;margin-bottom : 0px;padding-left : 0px;}<\/style><\/div><div class=\"fusion-fullwidth fullwidth-box fusion-builder-row-2 fusion-flex-container nonhundred-percent-fullwidth non-hundred-percent-height-scrolling\" style=\"background-color: rgba(255,255,255,0);background-position: center center;background-repeat: no-repeat;border-width: 0px 0px 0px 0px;border-color:#e8eaf0;border-style:solid;\" ><div class=\"fusion-builder-row fusion-row fusion-flex-align-items-flex-start\" style=\"max-width:1310.4px;margin-left: calc(-4% \/ 2 );margin-right: calc(-4% \/ 2 );\"><div class=\"fusion-layout-column fusion_builder_column fusion-builder-column-1 fusion_builder_column_1_1 1_1 fusion-flex-column\"><div class=\"fusion-column-wrapper fusion-flex-justify-content-flex-start fusion-content-layout-column\" style=\"background-position:left top;background-repeat:no-repeat;-webkit-background-size:cover;-moz-background-size:cover;-o-background-size:cover;background-size:cover;padding: 0px 0px 0px 0px;\"><div class=\"fusion-text fusion-text-1\"><h2>\u00a01. Introdu\u00e7\u00e3o<\/h2>\n<h3>O que \u00e9 Gudu SQLFlow<\/h3>\n<div class=\"video-shortcode\">\n<blockquote class=\"wp-embedded-content\" data-secret=\"BYDVQsWXUe\">\n<p><a href=\"https:\/\/www.gudusoft.com\/pt\/kit-de-midia-gudu-sqlflow\/\">Kit de m\u00eddia Gudu SQLFlow<\/a><\/p>\n<\/blockquote>\n<p><iframe class=\"wp-embedded-content\" sandbox=\"allow-scripts\" security=\"restricted\" style=\"position: absolute; clip: rect(1px, 1px, 1px, 1px);\" title=\"\u201cGudu SQLFlow Media Kit\u201d \u2014 Visualiza\u00e7\u00e3o de linhagem de dados: analisando consultas SQL complexas\" src=\"https:\/\/www.gudusoft.com\/gudu-sqlflow-media-kit\/embed\/#?secret=mwA6kxUEIg#?secret=BYDVQsWXUe\" data-secret=\"BYDVQsWXUe\" width=\"600\" height=\"338\" frameborder=\"0\" marginwidth=\"0\" marginheight=\"0\" scrolling=\"no\"><\/iframe><\/div>\n<h3>Instala\u00e7\u00e3o<\/h3>\n<h4>\u2013 Linux<\/h4>\n<p><a href=\"https:\/\/github.com\/sqlparser\/sqlflow_public\/blob\/master\/install_sqlflow.md\">https:\/\/github.com\/sqlparser\/sqlflow_public\/blob\/master\/install_sqlflow.md<\/a><\/p>\n<h4>\u2013 Janelas<\/h4>\n<p><a href=\"https:\/\/github.com\/sqlparser\/sqlflow_public\/blob\/master\/install_sqlflow_on_windows.md\">https:\/\/github.com\/sqlparser\/sqlflow_public\/blob\/master\/install_sqlflow_on_windows.md<\/a><\/p>\n<h3>Come\u00e7ar<\/h3>\n<h4>Exemplo de interface de usu\u00e1rio e linhagem de dados<\/h4>\n<p><a href=\"https:\/\/github.com\/sqlparser\/sqlflow_public\/blob\/master\/sqlflow_guide.md\">https:\/\/github.com\/sqlparser\/sqlflow_public\/blob\/master\/sqlflow_guide_cn.md<\/a><\/p>\n<h4>C\u00f3digo de linhagem de dados e API<\/h4>\n<p><a href=\"https:\/\/github.com\/sqlparser\/sqlflow_public\/tree\/master\/api\">https:\/\/github.com\/sqlparser\/sqlflow_public\/tree\/master\/api<\/a><\/p>\n<h4>Biblioteca Java<\/h4>\n<p><a href=\"https:\/\/github.com\/sqlparser\/gsp_demo_java\/tree\/master\/src\/main\/java\/demos\/dlineage\">https:\/\/github.com\/sqlparser\/gsp_demo_java\/tree\/master\/src\/main\/java\/demos\/dlineage<\/a><\/p>\n<h2>\u00a02. Conceitos<\/h2>\n<h3>Linhagem de dados<\/h3>\n<p><a href=\"https:\/\/github.com\/sqlparser\/sqlflow_public\/tree\/master\/doc\">https:\/\/github.com\/sqlparser\/sqlflow_public\/tree\/master\/doc<\/a><\/p>\n<h2>3. Arquitetura<\/h2>\n<h3>Vis\u00e3o geral<\/h3>\n<p><a href=\"https:\/\/github.com\/sqlparser\/sqlflow_public\">https:\/\/github.com\/sqlparser\/sqlflow_public<\/a><\/p>\n<h2>4. API<\/h2>\n<p><a href=\"https:\/\/github.com\/sqlparser\/sqlflow_public\/tree\/master\/api\">https:\/\/github.com\/sqlparser\/sqlflow_public\/tree\/master\/api<\/a><\/p>\n<h2>5. Widget SQLFlow<\/h2>\n<p><a href=\"https:\/\/github.com\/sqlparser\/sqlflow_public\/blob\/master\/doc\/widget\/readme.md\">https:\/\/github.com\/sqlparser\/sqlflow_public\/blob\/master\/doc\/widget\/readme.md<\/a><\/p>\n<h2>6. Bancos de dados<\/h2>\n<p><a href=\"https:\/\/github.com\/sqlparser\/sqlflow_public\/tree\/master\/databases\">https:\/\/github.com\/sqlparser\/sqlflow_public\/tree\/master\/databases<\/a><\/p>\n<h2>7. Ingestor de fluxo de SQL<\/h2>\n<p>https:\/\/github.com\/sqlparser\/sqlflow-ingester<\/p>\n<\/div><\/div><\/div><style type=\"text\/css\">.fusion-body .fusion-builder-column-1{width:100% !important;margin-top : 0px;margin-bottom : 20px;}.fusion-builder-column-1 > .fusion-column-wrapper {padding-top : 0px !important;padding-right : 0px !important;margin-right : 1.92%;padding-bottom : 0px !important;padding-left : 0px !important;margin-left : 1.92%;}@media only screen and (max-width:1024px) {.fusion-body .fusion-builder-column-1{width:100% !important;order : 0;}.fusion-builder-column-1 > .fusion-column-wrapper {margin-right : 1.92%;margin-left : 1.92%;}}@media only screen and (max-width:640px) {.fusion-body .fusion-builder-column-1{width:100% !important;order : 0;}.fusion-builder-column-1 > .fusion-column-wrapper {margin-right : 1.92%;margin-left : 1.92%;}}<\/style><\/div><style type=\"text\/css\">.fusion-body .fusion-flex-container.fusion-builder-row-2{ padding-top : 0px;margin-top : 0px;padding-right : 0px;padding-bottom : 0px;margin-bottom : 0px;padding-left : 0px;}<\/style><\/div><div class=\"fusion-fullwidth fullwidth-box fusion-builder-row-3 fusion-flex-container nonhundred-percent-fullwidth non-hundred-percent-height-scrolling\" style=\"background-color: rgba(255,255,255,0);background-position: center center;background-repeat: no-repeat;border-width: 50px 0px 0px 0px;border-color:rgba(232,234,240,0);border-style:solid;\" ><div class=\"fusion-builder-row fusion-row fusion-flex-align-items-flex-start fusion-flex-justify-content-center\" style=\"max-width:1310.4px;margin-left: calc(-4% \/ 2 );margin-right: calc(-4% \/ 2 );\"><div class=\"fusion-layout-column fusion_builder_column fusion-builder-column-2 fusion_builder_column_3_4 3_4 fusion-flex-column\"><div class=\"fusion-column-wrapper fusion-flex-justify-content-flex-start fusion-content-layout-column\" style=\"background-position:left top;background-repeat:no-repeat;-webkit-background-size:cover;-moz-background-size:cover;-o-background-size:cover;background-size:cover;padding: 0px 0px 0px 0px;\"><div class=\"fusion-content-boxes content-boxes columns row fusion-columns-3 fusion-columns-total-3 fusion-content-boxes-1 content-boxes-icon-on-top content-left\" data-animationoffset=\"100%\" style=\"margin-top:15px;margin-bottom:15px;\"><style type=\"text\/css\">.fusion-content-boxes-1 .heading .content-box-heading {color:#202020;}\n\t\t\t\t\t.fusion-content-boxes-1 .fusion-content-box-hover .link-area-link-icon-hover .heading .content-box-heading,\n\t\t\t\t\t.fusion-content-boxes-1 .fusion-content-box-hover .link-area-link-icon-hover .heading .heading-link .content-box-heading,\n\t\t\t\t\t.fusion-content-boxes-1 .fusion-content-box-hover .link-area-box-hover .heading .content-box-heading,\n\t\t\t\t\t.fusion-content-boxes-1 .fusion-content-box-hover .link-area-box-hover .heading .heading-link .content-box-heading,\n\t\t\t\t\t.fusion-content-boxes-1 .fusion-content-box-hover .link-area-link-icon-hover.link-area-box .fusion-read-more,\n\t\t\t\t\t.fusion-content-boxes-1 .fusion-content-box-hover .link-area-link-icon-hover.link-area-box .fusion-read-more::after,\n\t\t\t\t\t.fusion-content-boxes-1 .fusion-content-box-hover .link-area-link-icon-hover.link-area-box .fusion-read-more::before,\n\t\t\t\t\t.fusion-content-boxes-1 .fusion-content-box-hover .fusion-read-more:hover:after,\n\t\t\t\t\t.fusion-content-boxes-1 .fusion-content-box-hover .fusion-read-more:hover:before,\n\t\t\t\t\t.fusion-content-boxes-1 .fusion-content-box-hover .fusion-read-more:hover,\n\t\t\t\t\t.fusion-content-boxes-1 .fusion-content-box-hover .link-area-box-hover.link-area-box .fusion-read-more,\n\t\t\t\t\t.fusion-content-boxes-1 .fusion-content-box-hover .link-area-box-hover.link-area-box .fusion-read-more::after,\n\t\t\t\t\t.fusion-content-boxes-1 .fusion-content-box-hover .link-area-box-hover.link-area-box .fusion-read-more::before,\n\t\t\t\t\t.fusion-content-boxes-1 .fusion-content-box-hover .link-area-link-icon-hover .icon .circle-no,\n\t\t\t\t\t.fusion-content-boxes-1 .heading .heading-link:hover .content-box-heading {\n\t\t\t\t\t\tcolor: #aa1829;\n\t\t\t\t\t}\n\t\t\t\t\t.fusion-content-boxes-1 .fusion-content-box-hover .link-area-box-hover .icon .circle-no {\n\t\t\t\t\t\tcolor: #aa1829 !important;\n\t\t\t\t\t}.fusion-content-boxes-1 .fusion-content-box-hover .link-area-box.link-area-box-hover .fusion-content-box-button {background: #ffb251;color: #ffffff;}.fusion-content-boxes-1 .fusion-content-box-hover .link-area-box.link-area-box-hover .fusion-content-box-button .fusion-button-text {color: #ffffff;}\n\t\t\t\t\t.fusion-content-boxes-1 .fusion-content-box-hover .link-area-link-icon-hover .heading .icon > span {\n\t\t\t\t\t\tbackground-color: transparent !important;\n\t\t\t\t\t}\n\t\t\t\t\t.fusion-content-boxes-1 .fusion-content-box-hover .link-area-box-hover .heading .icon > span {\n\t\t\t\t\t\tborder-color: #aa1829 !important;\n\t\t\t\t\t}<\/style><div class=\"fusion-column content-box-column content-box-column content-box-column-1 col-lg-4 col-md-4 col-sm-4 fusion-content-box-hover content-box-column-first-in-row\"><div class=\"col content-box-wrapper content-wrapper link-area-link-icon link-type-text icon-hover-animation-slide\" style=\"background-color:rgba(255,255,255,0);\" data-animationoffset=\"100%\"><div class=\"heading heading-with-icon icon-left\"><a class=\"heading-link\" href=\"https:\/\/github.com\/sqlparser\/sqlflow_public\/blob\/master\/sqlflow_guide.md\" target=\"_self\"><div class=\"icon\"><i style=\"background-color:transparent;border-color:transparent;height:auto;width: 80px;line-height:normal;color:#aa1829;font-size:80px;\" aria-hidden=\"true\" class=\"fontawesome-icon fa-book fas circle-no\"><\/i><\/div><h2 class=\"content-box-heading\" style=\"font-size:28px;line-height:33px;\">Guia do usu\u00e1rio<\/h2><\/a><\/div><div class=\"fusion-clearfix\"><\/div><div class=\"content-container\" style=\"color:#5d5f64;\">\n<p>Um documento que ajuda voc\u00ea a come\u00e7ar<\/p>\n<\/div><\/div><\/div><div class=\"fusion-column content-box-column content-box-column content-box-column-2 col-lg-4 col-md-4 col-sm-4 fusion-content-box-hover\"><div class=\"col content-box-wrapper content-wrapper link-area-link-icon link-type-text icon-hover-animation-slide\" style=\"background-color:rgba(255,255,255,0);\" data-animationoffset=\"100%\"><div class=\"heading heading-with-icon icon-left\"><a class=\"heading-link\" href=\"https:\/\/www.gudusoft.com\/pt\/video-tutorial\/\" target=\"_self\"><div class=\"icon\"><i style=\"background-color:transparent;border-color:transparent;height:auto;width: 80px;line-height:normal;color:#aa1829;font-size:80px;\" aria-hidden=\"true\" class=\"fontawesome-icon fa-file-video fas circle-no\"><\/i><\/div><h2 class=\"content-box-heading\" style=\"font-size:28px;line-height:33px;\">Tutorial em v\u00eddeo<\/h2><\/a><\/div><div class=\"fusion-clearfix\"><\/div><div class=\"content-container\" style=\"color:#5d5f64;\">\n<p>V\u00eddeos que ajudam voc\u00ea a come\u00e7ar<\/p>\n<\/div><\/div><\/div><div class=\"fusion-column content-box-column content-box-column content-box-column-3 col-lg-4 col-md-4 col-sm-4 fusion-content-box-hover content-box-column-last content-box-column-last-in-row\"><div class=\"col content-box-wrapper content-wrapper link-area-link-icon link-type-text icon-hover-animation-slide\" style=\"background-color:rgba(255,255,255,0);\" data-animationoffset=\"100%\"><div class=\"heading heading-with-icon icon-left\"><a class=\"heading-link\" href=\"https:\/\/www.gudusoft.com\/pt\/sqlflow-on-premise-version-setup-guide\/\" target=\"_self\"><div class=\"icon\"><i style=\"background-color:transparent;border-color:transparent;height:auto;width: 80px;line-height:normal;color:#aa1829;font-size:80px;\" aria-hidden=\"true\" class=\"fontawesome-icon fa-book fas circle-no\"><\/i><\/div><h2 class=\"content-box-heading\" style=\"font-size:28px;line-height:33px;\">Guia de instala\u00e7\u00e3o da vers\u00e3o local<\/h2><\/a><\/div><div class=\"fusion-clearfix\"><\/div><div class=\"content-container\" style=\"color:#5d5f64;\">\n<p>SQLFlow On-Premise version installation guide<\/p>\n<\/div><\/div><\/div><style type=\"text\/css\">\n\t\t\t\t\t\t.fusion-content-boxes-1 .fusion-content-box-hover .heading-link:hover .icon i.circle-yes,\n\t\t\t\t\t\t.fusion-content-boxes-1 .fusion-content-box-hover .link-area-box:hover .heading-link .icon i.circle-yes,\n\t\t\t\t\t\t.fusion-content-boxes-1 .fusion-content-box-hover .link-area-link-icon-hover .heading .icon i.circle-yes,\n\t\t\t\t\t\t.fusion-content-boxes-1 .fusion-content-box-hover .link-area-box-hover .heading .icon i.circle-yes {\n\t\t\t\t\t\t\tbackground-color: transparent !important;\n\t\t\t\t\t\t\tborder-color: #aa1829 !important;\n\t\t\t\t\t\t}<\/style><div class=\"fusion-clearfix\"><\/div><\/div><\/div><\/div><style type=\"text\/css\">.fusion-body .fusion-builder-column-2{width:75% !important;margin-top : 0px;margin-bottom : 20px;}.fusion-builder-column-2 > .fusion-column-wrapper {padding-top : 0px !important;padding-right : 0px !important;margin-right : 2.56%;padding-bottom : 0px !important;padding-left : 0px !important;margin-left : 2.56%;}@media only screen and (max-width:1024px) {.fusion-body .fusion-builder-column-2{width:100% !important;order : 0;}.fusion-builder-column-2 > .fusion-column-wrapper {margin-right : 1.92%;margin-left : 1.92%;}}@media only screen and (max-width:640px) {.fusion-body .fusion-builder-column-2{width:100% !important;order : 0;}.fusion-builder-column-2 > .fusion-column-wrapper {margin-right : 1.92%;margin-left : 1.92%;}}<\/style><\/div><style type=\"text\/css\">.fusion-fullwidth.fusion-builder-row-3 a:not(.fusion-button):not(.fusion-builder-module-control):not(.fusion-social-network-icon):not(.fb-icon-element):not(.fusion-countdown-link):not(.fusion-rollover-link):not(.fusion-rollover-gallery):not(.fusion-button-bar):not(.add_to_cart_button):not(.show_details_button):not(.product_type_external):not(.fusion-view-cart):not(.fusion-quick-view):not(.fusion-rollover-title-link):not(.fusion-breadcrumb-link) , .fusion-fullwidth.fusion-builder-row-3 a:not(.fusion-button):not(.fusion-builder-module-control):not(.fusion-social-network-icon):not(.fb-icon-element):not(.fusion-countdown-link):not(.fusion-rollover-link):not(.fusion-rollover-gallery):not(.fusion-button-bar):not(.add_to_cart_button):not(.show_details_button):not(.product_type_external):not(.fusion-view-cart):not(.fusion-quick-view):not(.fusion-rollover-title-link):not(.fusion-breadcrumb-link):before, .fusion-fullwidth.fusion-builder-row-3 a:not(.fusion-button):not(.fusion-builder-module-control):not(.fusion-social-network-icon):not(.fb-icon-element):not(.fusion-countdown-link):not(.fusion-rollover-link):not(.fusion-rollover-gallery):not(.fusion-button-bar):not(.add_to_cart_button):not(.show_details_button):not(.product_type_external):not(.fusion-view-cart):not(.fusion-quick-view):not(.fusion-rollover-title-link):not(.fusion-breadcrumb-link):after {color: #aa1829;}.fusion-fullwidth.fusion-builder-row-3 a:not(.fusion-button):not(.fusion-builder-module-control):not(.fusion-social-network-icon):not(.fb-icon-element):not(.fusion-countdown-link):not(.fusion-rollover-link):not(.fusion-rollover-gallery):not(.fusion-button-bar):not(.add_to_cart_button):not(.show_details_button):not(.product_type_external):not(.fusion-view-cart):not(.fusion-quick-view):not(.fusion-rollover-title-link):not(.fusion-breadcrumb-link):hover, .fusion-fullwidth.fusion-builder-row-3 a:not(.fusion-button):not(.fusion-builder-module-control):not(.fusion-social-network-icon):not(.fb-icon-element):not(.fusion-countdown-link):not(.fusion-rollover-link):not(.fusion-rollover-gallery):not(.fusion-button-bar):not(.add_to_cart_button):not(.show_details_button):not(.product_type_external):not(.fusion-view-cart):not(.fusion-quick-view):not(.fusion-rollover-title-link):not(.fusion-breadcrumb-link):hover:before, .fusion-fullwidth.fusion-builder-row-3 a:not(.fusion-button):not(.fusion-builder-module-control):not(.fusion-social-network-icon):not(.fb-icon-element):not(.fusion-countdown-link):not(.fusion-rollover-link):not(.fusion-rollover-gallery):not(.fusion-button-bar):not(.add_to_cart_button):not(.show_details_button):not(.product_type_external):not(.fusion-view-cart):not(.fusion-quick-view):not(.fusion-rollover-title-link):not(.fusion-breadcrumb-link):hover:after {color: #aa1829;}.fusion-fullwidth.fusion-builder-row-3 .pagination a.inactive:hover, .fusion-fullwidth.fusion-builder-row-3 .fusion-filters .fusion-filter.fusion-active a {border-color: #aa1829;}.fusion-fullwidth.fusion-builder-row-3 .pagination .current {border-color: #aa1829; background-color: #aa1829;}.fusion-fullwidth.fusion-builder-row-3 .fusion-filters .fusion-filter.fusion-active a, .fusion-fullwidth.fusion-builder-row-3 .fusion-date-and-formats .fusion-format-box, .fusion-fullwidth.fusion-builder-row-3 .fusion-popover, .fusion-fullwidth.fusion-builder-row-3 .tooltip-shortcode {color: #aa1829;}#wrapper .fusion-fullwidth.fusion-builder-row-3 .fusion-widget-area .fusion-vertical-menu-widget .menu li.current_page_ancestor > a, #wrapper .fusion-fullwidth.fusion-builder-row-3 .fusion-widget-area .fusion-vertical-menu-widget .menu li.current_page_ancestor > a:before, #wrapper .fusion-fullwidth.fusion-builder-row-3 .fusion-widget-area .fusion-vertical-menu-widget .current-menu-item > a, #wrapper .fusion-fullwidth.fusion-builder-row-3 .fusion-widget-area .fusion-vertical-menu-widget .current-menu-item > a:before, #wrapper .fusion-fullwidth.fusion-builder-row-3 .fusion-widget-area .fusion-vertical-menu-widget .current_page_item > a, #wrapper .fusion-fullwidth.fusion-builder-row-3 .fusion-widget-area .fusion-vertical-menu-widget .current_page_item > a:before {color: #aa1829;}#wrapper .fusion-fullwidth.fusion-builder-row-3 .fusion-widget-area .widget_nav_menu .menu li.current_page_ancestor > a, #wrapper .fusion-fullwidth.fusion-builder-row-3 .fusion-widget-area .widget_nav_menu .menu li.current_page_ancestor > a:before, #wrapper .fusion-fullwidth.fusion-builder-row-3 .fusion-widget-area .widget_nav_menu .current-menu-item > a, #wrapper .fusion-fullwidth.fusion-builder-row-3 .fusion-widget-area .widget_nav_menu .current-menu-item > a:before, #wrapper .fusion-fullwidth.fusion-builder-row-3 .fusion-widget-area .widget_nav_menu .current_page_item > a, #wrapper .fusion-fullwidth.fusion-builder-row-3 .fusion-widget-area .widget_nav_menu .current_page_item > a:before {color: #aa1829;}#wrapper .fusion-fullwidth.fusion-builder-row-3 .fusion-vertical-menu-widget .menu li.current_page_item > a { border-right-color:#aa1829;border-left-color:#aa1829;}#wrapper .fusion-fullwidth.fusion-builder-row-3 .fusion-widget-area .tagcloud a:hover { color: #fff; background-color: #aa1829;border-color: #aa1829;}#main .fusion-fullwidth.fusion-builder-row-3 .post .blog-shortcode-post-title a:hover {color: #aa1829;}.fusion-body .fusion-flex-container.fusion-builder-row-3{ padding-top : 0px;margin-top : 0px;padding-right : 0px;padding-bottom : 0px;margin-bottom : 0px;padding-left : 0px;}<\/style><\/div><\/p>","protected":false},"excerpt":{"rendered":"","protected":false},"author":1,"featured_media":0,"parent":0,"menu_order":0,"comment_status":"closed","ping_status":"closed","template":"","meta":[],"_links":{"self":[{"href":"https:\/\/www.gudusoft.com\/pt\/wp-json\/wp\/v2\/pages\/1840"}],"collection":[{"href":"https:\/\/www.gudusoft.com\/pt\/wp-json\/wp\/v2\/pages"}],"about":[{"href":"https:\/\/www.gudusoft.com\/pt\/wp-json\/wp\/v2\/types\/page"}],"author":[{"embeddable":true,"href":"https:\/\/www.gudusoft.com\/pt\/wp-json\/wp\/v2\/users\/1"}],"replies":[{"embeddable":true,"href":"https:\/\/www.gudusoft.com\/pt\/wp-json\/wp\/v2\/comments?post=1840"}],"version-history":[{"count":38,"href":"https:\/\/www.gudusoft.com\/pt\/wp-json\/wp\/v2\/pages\/1840\/revisions"}],"predecessor-version":[{"id":5981,"href":"https:\/\/www.gudusoft.com\/pt\/wp-json\/wp\/v2\/pages\/1840\/revisions\/5981"}],"wp:attachment":[{"href":"https:\/\/www.gudusoft.com\/pt\/wp-json\/wp\/v2\/media?parent=1840"}],"curies":[{"name":"wp","href":"https:\/\/api.w.org\/{rel}","templated":true}]}}