{"id":1234,"date":"2020-11-16T01:54:38","date_gmt":"2020-11-16T01:54:38","guid":{"rendered":"https:\/\/www.gudusoft.com\/?page_id=1234"},"modified":"2025-05-10T08:21:32","modified_gmt":"2025-05-10T16:21:32","slug":"privacy-policy","status":"publish","type":"page","link":"https:\/\/www.gudusoft.com\/pt\/politica-de-privacidade\/","title":{"rendered":"pol\u00edtica de Privacidade"},"content":{"rendered":"<h1 class=\"fusion-responsive-typography-calculated\" style=\"--fontsize: 48; line-height: 1.12;\" data-fontsize=\"48\" data-lineheight=\"53.76px\"><strong><b style=\"color: #353535;\">pol\u00edtica de Privacidade<\/b><\/strong><\/h1>\n<p>Last Modified: May 11, 2025<\/p>\n<h3 class=\"fusion-responsive-typography-calculated\" style=\"--fontsize: 28; line-height: 1.3; --minfontsize: 28;\" data-fontsize=\"28\" data-lineheight=\"36.4px\"><strong><b>Vis\u00e3o geral<\/b><\/strong><\/h3>\n<p style=\"line-height: 24px;\" data-fusion-font=\"true\">gudusoft.com (together with its affiliates, &#8220;gudusoft&#8221; &#8220;we&#8221; or &#8220;us&#8221;) is committed to respecting your privacy and the privacy of the information in your account. That is why we have established this Privacy Policy. We intend to treat your information with the utmost care and consideration. If you have questions or concerns regarding this statement, you should contact gudusoft as outlined below.<\/p>\n<p style=\"line-height: 24px;\" data-fusion-font=\"true\">Queremos que voc\u00ea saiba que n\u00e3o vendemos ou alugamos dados pessoais de indiv\u00edduos para outras empresas para nenhuma finalidade.<\/p>\n<p style=\"line-height: 24px;\" data-fusion-font=\"true\">This Privacy Policy describes what information is gathered when you are on gudusoft&#8217;s site when you use gudusoft&#8217;s services, and how gudusoft uses or discloses such information in connection with the Services as described in the gudusoft Terms of Service (&#8220;Terms of Service&#8221;). This Privacy Policy applies exclusively to the Services through the gudusoft site gudusoft.com (the &#8220;Site&#8221;).<\/p>\n<p style=\"line-height: 24px;\" data-fusion-font=\"true\">O software Gudu coleta as seguintes informa\u00e7\u00f5es sobre voc\u00ea quando voc\u00ea as fornece a n\u00f3s e usa nossos servi\u00e7os:<\/p>\n<h2 class=\"fusion-responsive-typography-calculated\" style=\"--fontsize: 38; line-height: 1.3;\" data-fontsize=\"38\" data-lineheight=\"49.4px\"><strong><b>Quais informa\u00e7\u00f5es coletamos e como <\/b><\/strong><strong><b>n\u00f3s usamos isso<\/b><\/strong><\/h2>\n<h3 class=\"fusion-responsive-typography-calculated\" style=\"--fontsize: 28; line-height: 1.3; --minfontsize: 28;\" data-fontsize=\"28\" data-lineheight=\"36.4px\"><strong><b>Informa\u00e7\u00f5es de conta e perfil <\/b><\/strong><\/h3>\n<p style=\"line-height: 24px;\" data-fusion-font=\"true\">Quando voc\u00ea se inscreve, cria um perfil, define suas prefer\u00eancias de e-mail ou paga por sua assinatura, o software Gudu coleta seu endere\u00e7o de e-mail. Usamos essas informa\u00e7\u00f5es para identific\u00e1-lo corretamente, comunicar-nos com voc\u00ea e fornecer suporte ao cliente. Tamb\u00e9m usamos essas informa\u00e7\u00f5es de contato para fins cont\u00e1beis e administrativos, para e-mails transacionais, incluindo notifica\u00e7\u00f5es de aplicativo e cobran\u00e7a, e para notific\u00e1-lo sobre novos recursos, lan\u00e7amentos, postagens de blog e descontos.<\/p>\n<h3 class=\"fusion-responsive-typography-calculated\" style=\"--fontsize: 28; line-height: 1.3; --minfontsize: 28;\" data-fontsize=\"28\" data-lineheight=\"36.4px\"><strong><b>Conte\u00fado criado pelo usu\u00e1rio <\/b><\/strong><\/h3>\n<p style=\"line-height: 24px;\" data-fusion-font=\"true\">Conforme voc\u00ea trabalha na an\u00e1lise da linhagem de dados, o software Gudu armazena e mant\u00e9m acesso somente leitura ao conte\u00fado que voc\u00ea cria, envia, recebe e compartilha. Isso inclui quaisquer metadados de banco de dados e script SQL que voc\u00ea carrega ou importa para o SQLFlow. Usamos essas informa\u00e7\u00f5es para solucionar problemas e\/ou diagnosticar quaisquer problemas que possam surgir conforme voc\u00ea trabalha na sua an\u00e1lise.<\/p>\n<p data-fusion-font=\"true\">Se voc\u00ea fizer login no SQLFlow com uma credencial de rede social, como sua conta do Facebook ou Google, pediremos permiss\u00e3o para acessar informa\u00e7\u00f5es b\u00e1sicas dessa conta, como seu nome e endere\u00e7o de e-mail. Voc\u00ea pode parar de compartilhar essas informa\u00e7\u00f5es conosco a qualquer momento removendo o acesso do SQLFlow a essa conta.<\/p>\n<h3 class=\"fusion-responsive-typography-calculated\" style=\"--fontsize: 28; line-height: 1.3; --minfontsize: 28;\" data-fontsize=\"28\" data-lineheight=\"36.4px\"><strong><b>Informa\u00e7\u00f5es do dispositivo e dados de log <\/b><\/strong><\/h3>\n<p style=\"line-height: 24px;\" data-fusion-font=\"true\">Coletamos informa\u00e7\u00f5es sobre o tipo de dispositivo que voc\u00ea usa para acessar o software Gudu, bem como as configura\u00e7\u00f5es do seu dispositivo, sistema operacional, informa\u00e7\u00f5es do navegador, tipo de conex\u00e3o, endere\u00e7o IP e URLs das p\u00e1ginas de refer\u00eancia. Al\u00e9m disso, registramos a data e a hora em que voc\u00ea acessa nossos servi\u00e7os e quaisquer dados de erro ou travamento.<\/p>\n<p style=\"line-height: 24px;\" data-fusion-font=\"true\">Usamos informa\u00e7\u00f5es de dispositivo e localiza\u00e7\u00e3o para otimizar a exibi\u00e7\u00e3o e o desempenho do seu software Gudu, fornecer informa\u00e7\u00f5es de cobran\u00e7a precisas, entender a demografia do usu\u00e1rio e melhorar a experi\u00eancia geral do usu\u00e1rio. Seus dados de log nos ajudam a solucionar erros, analisar o desempenho, resolver problemas de confiabilidade, realizar auditorias de seguran\u00e7a e investigar poss\u00edveis fraudes ou abusos de servi\u00e7o.<\/p>\n<h3 class=\"fusion-responsive-typography-calculated\" style=\"--fontsize: 28; line-height: 1.3; --minfontsize: 28;\" data-fontsize=\"28\" data-lineheight=\"36.4px\"><strong><b>Informa\u00e7\u00f5es de pagamento <\/b><\/strong><\/h3>\n<p style=\"line-height: 24px;\" data-fusion-font=\"true\">Os clientes que compram uma assinatura paga do software Gudu nos fornecem, ou aos nossos processadores de pagamento, detalhes de cobran\u00e7a, como informa\u00e7\u00f5es de cart\u00e3o de cr\u00e9dito ou d\u00e9bito, informa\u00e7\u00f5es banc\u00e1rias e endere\u00e7os de cobran\u00e7a. Quando voc\u00ea compra uma assinatura por meio de um dos nossos processadores de pagamento, recebemos apenas informa\u00e7\u00f5es de endere\u00e7o de cobran\u00e7a sobre seu cart\u00e3o. O software Gudu n\u00e3o recebe nenhuma informa\u00e7\u00e3o relacionada ao n\u00famero do seu cart\u00e3o, data de validade e c\u00f3digo de seguran\u00e7a do cart\u00e3o. Usamos suas informa\u00e7\u00f5es de pagamento para cumprir, rastrear e gerenciar sua assinatura.<\/p>\n<h3 class=\"fusion-responsive-typography-calculated\" style=\"--fontsize: 28; line-height: 1.3; --minfontsize: 28;\" data-fontsize=\"28\" data-lineheight=\"36.4px\"><strong><b>Informa\u00e7\u00f5es de suporte <\/b><\/strong><\/h3>\n<p style=\"line-height: 24px;\" data-fusion-font=\"true\">Ao entrar em contato com o software Gudu, voc\u00ea pode entrar em contato com nossa equipe por meio do servi\u00e7o de uma plataforma de suporte de terceiros. As informa\u00e7\u00f5es que voc\u00ea fornece \u00e0 nossa equipe, incluindo qualquer documenta\u00e7\u00e3o de solu\u00e7\u00e3o de problemas ou capturas de tela, s\u00e3o salvas como parte do seu hist\u00f3rico de suporte. Usamos essas informa\u00e7\u00f5es para resolver quaisquer problemas que voc\u00ea esteja tendo, retransmitir feedback para nossa equipe, responder aos seus coment\u00e1rios e solicita\u00e7\u00f5es e confirmar suas compras e reembolsos. Tamb\u00e9m usamos esses dados para fornecer alertas de seguran\u00e7a e avisos t\u00e9cnicos.<\/p>\n<h3 class=\"fusion-responsive-typography-calculated\" style=\"--fontsize: 28; line-height: 1.3; --minfontsize: 28;\" data-fontsize=\"28\" data-lineheight=\"36.4px\"><strong><b>Informa\u00e7\u00f5es sobre cookies <\/b><\/strong><\/h3>\n<p style=\"line-height: 24px;\" data-fusion-font=\"true\">Os cookies geralmente s\u00e3o enviados pelo seu navegador para permanentemente ou permanentemente no disco r\u00edgido do seu computador. O Site e os servi\u00e7os da gudusoft usam cookies vinculados a informa\u00e7\u00f5es pessoalmente identific\u00e1veis para sua opera\u00e7\u00e3o. Certos servi\u00e7os e funcionalidades n\u00e3o funcionar\u00e3o se voc\u00ea desabilitar as fun\u00e7\u00f5es de cookies no seu navegador.<\/p>\n<p style=\"line-height: 24px;\" data-fusion-font=\"true\">A Gudusoft usa o Google Analytics para o Site. O Google Analytics coleta informa\u00e7\u00f5es sobre os visitantes do Site por meio de um cookie prim\u00e1rio e c\u00f3digo JavaScript. O Google Analytics rastreia anonimamente como nossos visitantes interagem com este Site, incluindo de onde eles vieram, o que eles fizeram no site e se eles conclu\u00edram alguma transa\u00e7\u00e3o no site, como registro de not\u00edcias.<\/p>\n<p style=\"line-height: 24px;\" data-fusion-font=\"true\">Ao fornecer servi\u00e7os aos nossos clientes, a pol\u00edtica da Gudus Software \u00e9 usar cookies somente quando necess\u00e1rio para manter a identidade do usu\u00e1rio em uma determinada sess\u00e3o. As informa\u00e7\u00f5es do cookie n\u00e3o incluem dados pessoais como nome, idade, n\u00famero de telefone, endere\u00e7o de e-mail ou endere\u00e7o para correspond\u00eancia. A maioria dos navegadores \u00e9 inicialmente configurada para aceitar cookies.<\/p>\n<h3 class=\"fusion-responsive-typography-calculated\" style=\"--fontsize: 28; line-height: 1.3; --minfontsize: 28;\" data-fontsize=\"28\" data-lineheight=\"36.4px\"><strong><b>Integra\u00e7\u00f5es e servi\u00e7os vinculados <\/b><\/strong><\/h3>\n<p style=\"line-height: 24px;\" data-fusion-font=\"true\">O software Gudu oferece integra\u00e7\u00f5es com v\u00e1rios servi\u00e7os de terceiros. Por exemplo, voc\u00ea pode se inscrever e fazer login no software Gudu usando o Google, Facebook e outros provedores de autentica\u00e7\u00e3o de terceiros. Sempre que voc\u00ea ou o propriet\u00e1rio da sua conta vincular a um desses servi\u00e7os de terceiros, o software Gudu estar\u00e1 autorizado a conectar e transferir as informa\u00e7\u00f5es especificadas pelo nosso contrato com esse servi\u00e7o vinculado. Usamos essas informa\u00e7\u00f5es para autenticar, conectar ou vincular suas contas de terceiros ao software Gudu. No entanto, n\u00e3o recebemos nem armazenamos senhas para nenhum desses servi\u00e7os de terceiros. Para entender quais dados podem ser compartilhados com o software Gudu quando voc\u00ea habilita essas integra\u00e7\u00f5es, verifique as configura\u00e7\u00f5es, permiss\u00f5es e pol\u00edticas de privacidade desses servi\u00e7os de terceiros.<\/p>\n<h2 class=\"fusion-responsive-typography-calculated\" style=\"--fontsize: 38; line-height: 1.3;\" data-fontsize=\"38\" data-lineheight=\"49.4px\"><strong><b>Como compartilhamos informa\u00e7\u00f5es <\/b><\/strong><\/h2>\n<h3 class=\"fusion-responsive-typography-calculated\" style=\"--fontsize: 28; line-height: 1.3; --minfontsize: 28;\" data-fontsize=\"28\" data-lineheight=\"36.4px\"><strong><b>N\u00e3o vendemos suas informa\u00e7\u00f5es <\/b><\/strong><\/h3>\n<p style=\"line-height: 24px;\" data-fusion-font=\"true\">Os usu\u00e1rios do software Gudu criam e compartilham dados sens\u00edveis e propriet\u00e1rios em nossa plataforma. Nunca venderemos informa\u00e7\u00f5es sobre voc\u00ea, seu perfil, scripts SQL, dados e metadados para empresas de publicidade ou outros terceiros.<\/p>\n<h3 class=\"fusion-responsive-typography-calculated\" style=\"--fontsize: 28; line-height: 1.3; --minfontsize: 28;\" data-fontsize=\"28\" data-lineheight=\"36.4px\"><strong><b>Conformidade legal e preven\u00e7\u00e3o de fraudes <\/b><\/strong><\/h3>\n<p style=\"line-height: 24px;\" data-fusion-font=\"true\">Em circunst\u00e2ncias excepcionais, podemos divulgar informa\u00e7\u00f5es sobre voc\u00ea a terceiros se recebermos uma solicita\u00e7\u00e3o e acreditarmos que a divulga\u00e7\u00e3o est\u00e1 seguindo ou \u00e9 exigida por qualquer lei, regra ou regulamento aplic\u00e1vel, processo legal ou solicita\u00e7\u00e3o governamental execut\u00e1vel. Tamb\u00e9m podemos fazer isso para aplicar nossos Termos de Servi\u00e7o, investigar poss\u00edveis viola\u00e7\u00f5es, prevenir e detectar fraudes, rastrear e resolver problemas t\u00e9cnicos ou de seguran\u00e7a e proteger contra qualquer dano aos direitos, propriedade ou seguran\u00e7a do software Gudu, seus usu\u00e1rios ou o p\u00fablico, conforme exigido ou permitido por lei.<\/p>\n<h3 class=\"fusion-responsive-typography-calculated\" style=\"--fontsize: 28; line-height: 1.3; --minfontsize: 28;\" data-fontsize=\"28\" data-lineheight=\"36.4px\"><strong><b>Mudan\u00e7as nos neg\u00f3cios <\/b><\/strong><\/h3>\n<p style=\"line-height: 24px;\" data-fusion-font=\"true\">Se a Gudu Software se envolver em uma fus\u00e3o, aquisi\u00e7\u00e3o, reorganiza\u00e7\u00e3o, fal\u00eancia, dissolu\u00e7\u00e3o, venda de ativos da empresa, financiamento, oferta p\u00fablica de valores mobili\u00e1rios ou due diligence e outras etapas na contempla\u00e7\u00e3o e negocia\u00e7\u00e3o de tais atividades, poderemos compartilhar ou transferir informa\u00e7\u00f5es que coletamos sob esta pol\u00edtica de privacidade, sujeitas a acordos de confidencialidade padr\u00e3o.<\/p>\n<h2 class=\"fusion-responsive-typography-calculated\" style=\"--fontsize: 38; line-height: 1.3;\" data-fontsize=\"38\" data-lineheight=\"49.4px\"><strong><b>Como armazenamos, protegemos e transferimos informa\u00e7\u00f5es<\/b><\/strong><\/h2>\n<h3 class=\"fusion-responsive-typography-calculated\" style=\"--fontsize: 28; line-height: 1.3; --minfontsize: 28;\" data-fontsize=\"28\" data-lineheight=\"36.4px\"><strong><b>Provedores de servi\u00e7os terceirizados <\/b><\/strong><\/h3>\n<p style=\"line-height: 24px;\" data-fusion-font=\"true\">O software Gudu contrata provedores de servi\u00e7os terceirizados. Esses servi\u00e7os podem exigir acesso \u00e0s suas informa\u00e7\u00f5es para nos ajudar a operar, comercializar e dar suporte aos nossos servi\u00e7os. Por exemplo, o software Gudu usa servi\u00e7os de terceiros para fornecer hospedagem, manuten\u00e7\u00e3o, backup, computa\u00e7\u00e3o virtual, armazenamento, processamento de pagamentos, suporte ao cliente, an\u00e1lise de dados, publicidade, marketing e outros servi\u00e7os. Nosso contrato com esses servi\u00e7os prev\u00ea a manuten\u00e7\u00e3o, confidencialidade, seguran\u00e7a e integridade das informa\u00e7\u00f5es que compartilhamos com eles.<\/p>\n<h3 class=\"fusion-responsive-typography-calculated\" style=\"--fontsize: 28; line-height: 1.3; --minfontsize: 28;\" data-fontsize=\"28\" data-lineheight=\"36.4px\"><strong><b>Seguran\u00e7a de Dados <\/b><\/strong><\/h3>\n<p style=\"line-height: 24px;\" data-fusion-font=\"true\">O software Gudu leva a seguran\u00e7a de dados muito a s\u00e9rio e implementa as melhores pr\u00e1ticas e pol\u00edticas do setor. Tomamos todas as medidas razo\u00e1veis para proteger suas informa\u00e7\u00f5es e evitar acesso n\u00e3o autorizado, uso indevido, perda ou divulga\u00e7\u00e3o. Embora nenhum sistema seja infal\u00edvel, nos esfor\u00e7amos para manter nossos sistemas seguros e constantemente atualizados.<\/p>\n<div>\n<h3>Reten\u00e7\u00e3o de dados<\/h3>\n<div>Gudu Software retains user information in accordance with our data retention policies, legal requirements, and business needs. We maintain your data for the duration of your active account and a reasonable period thereafter to facilitate potential service reactivation. Here are the specific details of our data retention practices:<\/div>\n<div><\/div>\n<div>1. SQL Query Storage<\/div>\n<div>\u00a0 \u00a0&#8211; Queries submitted in query mode are temporarily stored on our servers<\/div>\n<div>\u00a0 \u00a0&#8211; These queries are used solely for analysis and performance optimization<\/div>\n<div>\u00a0 \u00a0&#8211; All temporary query data is automatically purged every 24 hours<\/div>\n<div><\/div>\n<div>2. Job Management<\/div>\n<div>\u00a0 \u00a0&#8211; User-created jobs are securely stored on our servers<\/div>\n<div>\u00a0 \u00a0&#8211; Users have full control to delete their jobs at any time<\/div>\n<div>\u00a0 \u00a0&#8211; Job deletion results in permanent removal from our systems<\/div>\n<div><\/div>\n<div>3. Account Information<\/div>\n<div>\u00a0 \u00a0&#8211; User email and account details are retained while accounts are active<\/div>\n<div>\u00a0 \u00a0&#8211; All associated user data is removed upon SQLFlow Cloud account deletion<\/div>\n<div>\u00a0 \u00a0&#8211; Users can delete their own accounts<\/div>\n<div><\/div>\n<div>4. Data Center Location<\/div>\n<div>\u00a0 \u00a0&#8211; All data is processed and stored in our secure data center<\/div>\n<div>\u00a0 \u00a0&#8211; Primary servers are located in Newark, New Jersey, United States<\/div>\n<div>\u00a0 \u00a0&#8211; We maintain industry-standard security protocols and certifications<\/div>\n<\/div>\n<h3 class=\"fusion-responsive-typography-calculated\" style=\"--fontsize: 28; line-height: 1.3; --minfontsize: 28;\" data-fontsize=\"28\" data-lineheight=\"36.4px\"><strong><b>Testemunhos<\/b><\/strong><\/h3>\n<p>Publicamos depoimentos de clientes neste Site que podem incluir seus nomes, logotipos, gr\u00e1ficos, sons ou imagens de tempos em tempos. Obtemos o consentimento do cliente antes de publicar seus depoimentos neste site. N\u00e3o somos respons\u00e1veis pelas informa\u00e7\u00f5es pessoais que um usu\u00e1rio escolhe divulgar em seu depoimento.<\/p>\n<p>&nbsp;<\/p>\n<h3 class=\"fusion-responsive-typography-calculated\" style=\"--fontsize: 28; line-height: 1.3; --minfontsize: 28;\" data-fontsize=\"28\" data-lineheight=\"36.4px\"><strong><b>Seus direitos e escolhas sobre dados <\/b><\/strong><\/h3>\n<p>A seguir est\u00e1 um resumo das escolhas que voc\u00ea pode fazer para exercer seus direitos de dados:<\/p>\n<p>&nbsp;<\/p>\n<h4 class=\"fusion-responsive-typography-calculated\" style=\"--fontsize: 24; line-height: 1.4; --minfontsize: 24;\" data-fontsize=\"24\" data-lineheight=\"33.6px\"><strong><b>Opt-Out de Comunica\u00e7\u00f5es Promocionais <\/b><\/strong><\/h4>\n<p style=\"line-height: 24px;\" data-fusion-font=\"true\">Voc\u00ea tem o direito de optar por n\u00e3o receber nenhuma comunica\u00e7\u00e3o promocional. Para cancelar a assinatura do nosso boletim informativo ou outros e-mails promocionais, use o link na parte inferior da mensagem. Voc\u00ea tamb\u00e9m pode entrar em contato conosco diretamente para remover suas informa\u00e7\u00f5es da nossa lista de contatos promocionais. Observe que, mesmo se voc\u00ea cancelar a assinatura, continuar\u00e1 recebendo mensagens transacionais n\u00e3o promocionais sobre sua conta e outros servi\u00e7os essenciais.<\/p>\n<h4 class=\"fusion-responsive-typography-calculated\" style=\"--fontsize: 24; line-height: 1.4; --minfontsize: 24;\" data-fontsize=\"24\" data-lineheight=\"33.6px\"><strong><b>Acessar e atualizar informa\u00e7\u00f5es pessoais <\/b><\/strong><\/h4>\n<p>Voc\u00ea tem o direito de acessar e editar suas informa\u00e7\u00f5es de perfil a qualquer momento. Se precisar de assist\u00eancia, entre em contato com nossa equipe de Suporte.<\/p>\n<h4 class=\"fusion-responsive-typography-calculated\" style=\"--fontsize: 24; line-height: 1.4; --minfontsize: 24;\" data-fontsize=\"24\" data-lineheight=\"33.6px\"><strong><b>Direito de ser apagado <\/b><\/strong><\/h4>\n<p style=\"line-height: 24px;\" data-fusion-font=\"true\">Voc\u00ea tem o direito de ser exclu\u00eddo, o que significa que, a qualquer momento, voc\u00ea pode solicitar que o software Gudu exclua permanentemente todos os registros de dados aplic\u00e1veis, incluindo suas informa\u00e7\u00f5es de perfil, tanto pessoais quanto financeiras, juntamente com qualquer conte\u00fado criado pelo usu\u00e1rio. Em alguns casos, podemos precisar reter informa\u00e7\u00f5es parciais para cumprir com nossas responsabilidades legais.<\/p>\n<h4 class=\"fusion-responsive-typography-calculated\" style=\"--fontsize: 24; line-height: 1.4; --minfontsize: 24;\" data-fontsize=\"24\" data-lineheight=\"33.6px\"><strong><b>Solicite que paremos de usar suas informa\u00e7\u00f5es <\/b><\/strong><\/h4>\n<p style=\"line-height: 24px;\" data-fusion-font=\"true\">Mesmo que voc\u00ea tenha consentido previamente com nossos Termos de Servi\u00e7o e Pol\u00edtica de Privacidade, voc\u00ea tem o direito, a qualquer momento, de mudar de ideia e se opor \u00e0 coleta, uso e processamento de suas informa\u00e7\u00f5es pessoais. Al\u00e9m disso, voc\u00ea n\u00e3o tem nenhuma obriga\u00e7\u00e3o contratual de continuar a fornecer nenhuma informa\u00e7\u00e3o ao software Gudu. No entanto, precisamos de certas informa\u00e7\u00f5es para fornecer nossos servi\u00e7os a voc\u00ea. Portanto, se voc\u00ea discordar dos termos desta Pol\u00edtica de Privacidade ou de nossos Termos de Servi\u00e7o, voc\u00ea deve parar de usar o software Gudu e entrar em contato conosco para excluir suas informa\u00e7\u00f5es.<\/p>\n<p>&nbsp;<\/p>","protected":false},"excerpt":{"rendered":"<p>Privacy Policy Last Modified: May 11, 2025 Overview gudusoft.com (together with its affiliates, &#8220;gudusoft&#8221; [&hellip;]<\/p>","protected":false},"author":1,"featured_media":0,"parent":0,"menu_order":0,"comment_status":"closed","ping_status":"closed","template":"","meta":[],"_links":{"self":[{"href":"https:\/\/www.gudusoft.com\/pt\/wp-json\/wp\/v2\/pages\/1234"}],"collection":[{"href":"https:\/\/www.gudusoft.com\/pt\/wp-json\/wp\/v2\/pages"}],"about":[{"href":"https:\/\/www.gudusoft.com\/pt\/wp-json\/wp\/v2\/types\/page"}],"author":[{"embeddable":true,"href":"https:\/\/www.gudusoft.com\/pt\/wp-json\/wp\/v2\/users\/1"}],"replies":[{"embeddable":true,"href":"https:\/\/www.gudusoft.com\/pt\/wp-json\/wp\/v2\/comments?post=1234"}],"version-history":[{"count":11,"href":"https:\/\/www.gudusoft.com\/pt\/wp-json\/wp\/v2\/pages\/1234\/revisions"}],"predecessor-version":[{"id":6525,"href":"https:\/\/www.gudusoft.com\/pt\/wp-json\/wp\/v2\/pages\/1234\/revisions\/6525"}],"wp:attachment":[{"href":"https:\/\/www.gudusoft.com\/pt\/wp-json\/wp\/v2\/media?parent=1234"}],"curies":[{"name":"wp","href":"https:\/\/api.w.org\/{rel}","templated":true}]}}