{"id":1849,"date":"2020-11-28T06:59:10","date_gmt":"2020-11-28T06:59:10","guid":{"rendered":"https:\/\/www.gudusoft.com\/?page_id=1849"},"modified":"2022-04-19T05:19:57","modified_gmt":"2022-04-19T13:19:57","slug":"video-tutorial","status":"publish","type":"page","link":"https:\/\/www.gudusoft.com\/fr\/tutoriel-video\/","title":{"rendered":"Tutoriel vid\u00e9o"},"content":{"rendered":"<div class=\"fusion-fullwidth fullwidth-box fusion-builder-row-1 fusion-flex-container nonhundred-percent-fullwidth non-hundred-percent-height-scrolling\" style=\"background-color: rgba(255,255,255,0);background-position: center center;background-repeat: no-repeat;border-width: 0px 0px 0px 0px;border-color:#e8eaf0;border-style:solid;\" ><div class=\"fusion-builder-row fusion-row fusion-flex-align-items-flex-start\" style=\"max-width:1310.4px;margin-left: calc(-4% \/ 2 );margin-right: calc(-4% \/ 2 );\"><div class=\"fusion-layout-column fusion_builder_column fusion-builder-column-0 fusion_builder_column_1_1 1_1 fusion-flex-column\"><div class=\"fusion-column-wrapper fusion-flex-justify-content-flex-start fusion-content-layout-column\" style=\"background-position:left top;background-repeat:no-repeat;-webkit-background-size:cover;-moz-background-size:cover;-o-background-size:cover;background-size:cover;background-color:#ffffff;padding: 0px 0px 0px 0px;\"><div class=\"fusion-recent-posts fusion-recent-posts-1 avada-container layout-thumbnails-on-side layout-columns-3\"><section class=\"fusion-columns columns fusion-columns-3 columns-3\"><article class=\"post fusion-column column col col-lg-4 col-md-4 col-sm-4\"><div class=\"recent-posts-content\"><h4 class=\"\"><a href=\"https:\/\/www.gudusoft.com\/fr\/connecter-le-grabit-a-la-version-sur-site-sqlflow\/\">Capturez la lign\u00e9e des donn\u00e9es dans SQL Server (grabit, version sur site)<\/a><\/h4><p class=\"meta\"><\/p><p> Capturez la lign\u00e9e des donn\u00e9es dans SQL Server (grabit, SQLFlow On-Premise) Apr\u00e8s avoir install\u00e9 SQLFlow sur votre propre site, vous pouvez coller le script SQL ou t\u00e9l\u00e9charger un tas de fichiers SQL sur SQLFlow<\/p><\/div><\/article><article class=\"post fusion-column column col col-lg-4 col-md-4 col-sm-4\"><div class=\"recent-posts-content\"><h4 class=\"\"><a href=\"https:\/\/www.gudusoft.com\/fr\/installer-sqlflow-sur-site-version-sur-votre-propre-site\/\">Installez la version SQLFlow On-Premise sur votre propre site<\/a><\/h4><p class=\"meta\"><\/p><p> La version sur site de SQLFlow vous permet d&#039;installer SQLFlow sur votre propre site. S\u00fbr, s\u00e9curis\u00e9 et rapide, il ne n\u00e9cessite aucun transfert de donn\u00e9es via Internet lors de l&#039;analyse de la tra\u00e7abilit\u00e9 de vos donn\u00e9es SQL.<\/p><\/div><\/article><article class=\"post fusion-column column col col-lg-4 col-md-4 col-sm-4\"><div class=\"recent-posts-content\"><h4 class=\"\"><a href=\"https:\/\/www.gudusoft.com\/fr\/discover-sql-server-data-lineage-in-3-minutes\/\">D\u00e9couvrez la lign\u00e9e des donn\u00e9es SQL Server en 3 minutes<\/a><\/h4><p class=\"meta\"><\/p><p> Cet article explique comment d\u00e9couvrir la tra\u00e7abilit\u00e9 des donn\u00e9es SQL Server en 3 minutes gr\u00e2ce \u00e0 l&#039;outil Grabit et \u00e0 SQLFlow. \u00c9tapes pour capturer la tra\u00e7abilit\u00e9 des donn\u00e9es dans une base de donn\u00e9es SQL Server\u00a0: Exporter du code SQL<\/p><\/div><\/article><article class=\"post fusion-column column col col-lg-4 col-md-4 col-sm-4\"><div class=\"fusion-flexslider fusion-flexslider-loading flexslider floated-slideshow flexslider-hover-type-zoomout\"><ul class=\"slides\"><li><a href=\"https:\/\/www.gudusoft.com\/fr\/parametres-du-didacticiel-sqlflow\/\" aria-label=\"Tutoriel SQLFlow\u00a0: options de visualisation de la lign\u00e9e de donn\u00e9es\" class=\"hover-type-zoomout\"><img width=\"177\" height=\"142\" src=\"https:\/\/www.gudusoft.com\/wp-content\/uploads\/2020\/11\/tutorial_setting-177x142.png\" class=\"attachment-portfolio-five size-portfolio-five\" alt=\"\" decoding=\"async\" \/><\/a><\/li><\/ul><\/div><div class=\"recent-posts-content\"><h4 class=\"\"><a href=\"https:\/\/www.gudusoft.com\/fr\/parametres-du-didacticiel-sqlflow\/\">Tutoriel SQLFlow\u00a0: options de visualisation de la lign\u00e9e de donn\u00e9es<\/a><\/h4><p class=\"meta\"><\/p><p>    <\/p><\/div><\/article><article class=\"post fusion-column column col col-lg-4 col-md-4 col-sm-4\"><div class=\"fusion-flexslider fusion-flexslider-loading flexslider floated-slideshow flexslider-hover-type-zoomout\"><ul class=\"slides\"><li><a href=\"https:\/\/www.gudusoft.com\/fr\/panneau-de-diagrammes-du-didacticiel-sqlflow\/\" aria-label=\"Tutoriel SQLFlow\u00a0: navigation dans la lign\u00e9e des donn\u00e9es\" class=\"hover-type-zoomout\"><img width=\"177\" height=\"142\" src=\"https:\/\/www.gudusoft.com\/wp-content\/uploads\/2020\/11\/tutorial_diagram_panel-177x142.jpg\" class=\"attachment-portfolio-five size-portfolio-five\" alt=\"exemple de lign\u00e9e de donn\u00e9es\" decoding=\"async\" \/><\/a><\/li><\/ul><\/div><div class=\"recent-posts-content\"><h4 class=\"\"><a href=\"https:\/\/www.gudusoft.com\/fr\/panneau-de-diagrammes-du-didacticiel-sqlflow\/\">Tutoriel SQLFlow\u00a0: navigation dans la lign\u00e9e des donn\u00e9es<\/a><\/h4><p class=\"meta\"><\/p><p>    <\/p><\/div><\/article><article class=\"post fusion-column column col col-lg-4 col-md-4 col-sm-4\"><div class=\"fusion-flexslider fusion-flexslider-loading flexslider floated-slideshow flexslider-hover-type-zoomout\"><ul class=\"slides\"><li><a href=\"https:\/\/www.gudusoft.com\/fr\/sqlflow-tutorial-schema-explorer\/\" aria-label=\"Tutoriel SQLFlow\u00a0: recherche et visualisation de table\" class=\"hover-type-zoomout\"><img width=\"177\" height=\"142\" src=\"https:\/\/www.gudusoft.com\/wp-content\/uploads\/2020\/11\/tutorial_schema_explorer-177x142.png\" class=\"attachment-portfolio-five size-portfolio-five\" alt=\"\" decoding=\"async\" \/><\/a><\/li><\/ul><\/div><div class=\"recent-posts-content\"><h4 class=\"\"><a href=\"https:\/\/www.gudusoft.com\/fr\/sqlflow-tutorial-schema-explorer\/\">Tutoriel SQLFlow\u00a0: recherche et visualisation de table<\/a><\/h4><p class=\"meta\"><\/p><p>     <\/p><\/div><\/article><\/section><\/div><\/div><\/div><style type=\"text\/css\">.fusion-body .fusion-builder-column-0{width:100% !important;margin-top : 0px;margin-bottom : 20px;}.fusion-builder-column-0 > .fusion-column-wrapper {padding-top : 0px !important;padding-right : 0px !important;margin-right : 1.92%;padding-bottom : 0px !important;padding-left : 0px !important;margin-left : 1.92%;}@media only screen and (max-width:1024px) {.fusion-body .fusion-builder-column-0{width:100% !important;order : 0;}.fusion-builder-column-0 > .fusion-column-wrapper {margin-right : 1.92%;margin-left : 1.92%;}}@media only screen and (max-width:640px) {.fusion-body .fusion-builder-column-0{width:100% !important;order : 0;}.fusion-builder-column-0 > .fusion-column-wrapper {margin-right : 1.92%;margin-left : 1.92%;}}<\/style><\/div><style type=\"text\/css\">.fusion-body .fusion-flex-container.fusion-builder-row-1{ padding-top : 0px;margin-top : 0px;padding-right : 0px;padding-bottom : 0px;margin-bottom : 0px;padding-left : 0px;}<\/style><\/div>","protected":false},"excerpt":{"rendered":"","protected":false},"author":1,"featured_media":0,"parent":0,"menu_order":0,"comment_status":"closed","ping_status":"closed","template":"","meta":[],"_links":{"self":[{"href":"https:\/\/www.gudusoft.com\/fr\/wp-json\/wp\/v2\/pages\/1849"}],"collection":[{"href":"https:\/\/www.gudusoft.com\/fr\/wp-json\/wp\/v2\/pages"}],"about":[{"href":"https:\/\/www.gudusoft.com\/fr\/wp-json\/wp\/v2\/types\/page"}],"author":[{"embeddable":true,"href":"https:\/\/www.gudusoft.com\/fr\/wp-json\/wp\/v2\/users\/1"}],"replies":[{"embeddable":true,"href":"https:\/\/www.gudusoft.com\/fr\/wp-json\/wp\/v2\/comments?post=1849"}],"version-history":[{"count":6,"href":"https:\/\/www.gudusoft.com\/fr\/wp-json\/wp\/v2\/pages\/1849\/revisions"}],"predecessor-version":[{"id":3368,"href":"https:\/\/www.gudusoft.com\/fr\/wp-json\/wp\/v2\/pages\/1849\/revisions\/3368"}],"wp:attachment":[{"href":"https:\/\/www.gudusoft.com\/fr\/wp-json\/wp\/v2\/media?parent=1849"}],"curies":[{"name":"wp","href":"https:\/\/api.w.org\/{rel}","templated":true}]}}