{"id":2626,"date":"2020-12-19T20:04:36","date_gmt":"2020-12-19T12:04:36","guid":{"rendered":"https:\/\/www.gudusoft.com\/?page_id=2626"},"modified":"2020-12-19T21:50:44","modified_gmt":"2020-12-19T13:50:44","slug":"sqlflow-faq","status":"publish","type":"page","link":"https:\/\/www.gudusoft.com\/es\/preguntas-frecuentes-sobre-sqlflow\/","title":{"rendered":"Preguntas frecuentes sobre SQLFlow"},"content":{"rendered":"<div class=\"fusion-fullwidth fullwidth-box fusion-builder-row-1 fusion-flex-container nonhundred-percent-fullwidth non-hundred-percent-height-scrolling\" style=\"background-color: rgba(255,255,255,0);background-position: center center;background-repeat: no-repeat;border-width: 0px 0px 0px 0px;border-color:#e8eaf0;border-style:solid;\" ><div class=\"fusion-builder-row fusion-row fusion-flex-align-items-flex-start\" style=\"max-width:1310.4px;margin-left: calc(-4% \/ 2 );margin-right: calc(-4% \/ 2 );\"><div class=\"fusion-layout-column fusion_builder_column fusion-builder-column-0 fusion_builder_column_1_1 1_1 fusion-flex-column\"><div class=\"fusion-column-wrapper fusion-flex-justify-content-flex-start fusion-content-layout-column\" style=\"background-position:left top;background-repeat:no-repeat;-webkit-background-size:cover;-moz-background-size:cover;-o-background-size:cover;background-size:cover;padding: 0px 0px 0px 0px;\"><style type=\"text\/css\">.fusion-accordian #accordian-1 .panel-title a .fa-fusion-box:before{ font-size: 13px;}.fusion-accordian #accordian-1 .panel-title a .fa-fusion-box{ color: #ffffff;}.fusion-accordian #accordian-1 .panel-title a{font-size:24px;}.fusion-accordian #accordian-1 .fa-fusion-box { background-color: #202020;border-color: #202020;}.fusion-accordian #accordian-1 .panel-title a:hover,.fusion-accordian #accordian-1 .panel-title a.hover { color: #ffa737;}.fusion-faq-shortcode .fusion-accordian #accordian-1 .fusion-toggle-boxed-mode:hover .panel-title a { color: #ffa737;}.fusion-accordian #accordian-1 .panel-title .active .fa-fusion-box,.fusion-accordian #accordian-1 .panel-title a:hover .fa-fusion-box,.fusion-accordian #accordian-1 .panel-title a.hover .fa-fusion-box { background-color: #ffa737!important;border-color: #ffa737!important;}<\/style><div class=\"fusion-faq-shortcode\"><ul class=\"fusion-filters clearfix\"><li class=\"fusion-filter fusion-filter-all fusion-active\"><a data-filter=\"*\" href=\"#\">All<\/a><\/li><li class=\"fusion-filter fusion-hidden\"><a data-filter=\".account-login\" href=\"#\">Cuenta e inicio de sesi\u00f3n<\/a><\/li><li class=\"fusion-filter fusion-hidden\"><a data-filter=\".troubleshooting\" href=\"#\">Soluci\u00f3n de problemas<\/a><\/li><\/ul><div class=\"fusion-faqs-wrapper\"><div class=\"accordian fusion-accordian\"><div class=\"panel-group\" id=\"accordian-1\"><div class=\"fusion-panel panel-default fusion-faq-post fusion-faq-post-2641 account-login\"><div class=\"panel-heading\"><h4 class=\"panel-title toggle\"><a data-toggle=\"collapse\" class=\"collapsed\" data-parent=\"#accordian-1\" data-target=\"#collapse-1-2641\" href=\"#collapse-1-2641\"><div class=\"fusion-toggle-icon-wrapper\"><div class=\"fusion-toggle-icon-wrapper-main\"><div class=\"fusion-toggle-icon-wrapper-sub\"><i class=\"fa-fusion-box\" aria-hidden=\"true\"><\/i><\/div><\/div><\/div><div class=\"fusion-toggle-heading\">\u00bfD\u00f3nde encuentro mi ID de usuario y clave secreta?<\/div><\/a><\/h4><\/div><div id=\"collapse-1-2641\" class=\"panel-collapse collapse\"><div class=\"panel-body toggle-content post-content\"><p>Por favor haga clic en el icono en la esquina superior derecha de esta p\u00e1gina:\u00a0 <a href=\"https:\/\/sqlflow.gudusoft.com\">https:\/\/sqlflow.gudusoft.com<\/a>.<span class=\"il\"> Ver\u00e1s esto:<\/span><\/p>\n<p><img decoding=\"async\" class=\"aligncenter\" src=\"https:\/\/mail.google.com\/mail\/u\/0?ui=2&amp;ik=335c40234a&amp;attid=0.1&amp;permmsgid=msg-a:r-8933391367849000204&amp;th=17669fe99eeb0bc3&amp;view=fimg&amp;sz=s0-l75-ft&amp;attbid=ANGjdJ9ln0uefCEde9vEV10gDE5DJ1sJoJ3ZUr5MbnekPJTCEzv3Z8Q6I4G7JmPlCI3X-7sbBm-J12lQTakkLZxct_EOFaQy7aWuHt8_2rheJLP2s0Wb8tpmj4kAe-E&amp;disp=emb&amp;realattid=ii_kiqyra5e0\" alt=\"cuenta premium_paso1.png\" width=\"504\" height=\"314\" \/><\/p>\n<p>Haga clic en el elemento del men\u00fa Cuenta<\/p>\n<p><img decoding=\"async\" class=\"aligncenter wp-image-2646 size-full\" src=\"https:\/\/www.gudusoft.com\/wp-content\/uploads\/2020\/12\/premium_account_step2.png\" alt=\"\" width=\"536\" height=\"347\" srcset=\"https:\/\/www.gudusoft.com\/wp-content\/uploads\/2020\/12\/premium_account_step2-200x129.png 200w, https:\/\/www.gudusoft.com\/wp-content\/uploads\/2020\/12\/premium_account_step2-300x194.png 300w, https:\/\/www.gudusoft.com\/wp-content\/uploads\/2020\/12\/premium_account_step2-400x259.png 400w, https:\/\/www.gudusoft.com\/wp-content\/uploads\/2020\/12\/premium_account_step2.png 536w\" sizes=\"(max-width: 536px) 100vw, 536px\" \/><\/p>\n<p>&nbsp;<\/p>\n<p>Al hacer clic en el bot\u00f3n \u201cGenerar\u201d se crear\u00e1 una nueva clave secreta para usted.<\/p>\n<div><\/div>\n<div>Una vez que tenga el UserId y la clave secreta aqu\u00ed, siga las instrucciones aqu\u00ed para usar las API Rest:<\/div>\n<div><\/div>\n<div><a href=\"https:\/\/github.com\/sqlparser\/sqlflow_public\/tree\/master\/api\" target=\"_blank\" rel=\"noopener noreferrer\" data-saferedirecturl=\"https:\/\/www.google.com\/url?q=https:\/\/github.com\/sqlparser\/sqlflow_public\/tree\/master\/api&amp;source=gmail&amp;ust=1608433074412000&amp;usg=AFQjCNFy8kz7kWJ42x8rPzL3uSEBjHlLdg\">https:\/\/github.<span class=\"il\">con<\/span>\/sqlparser\/<wbr \/>sqlflow_public\/tree\/master\/api<\/a><\/div>\n<\/div><\/div><\/div><div class=\"fusion-panel panel-default fusion-faq-post fusion-faq-post-2629 account-login troubleshooting\"><div class=\"panel-heading\"><h4 class=\"panel-title toggle\"><a data-toggle=\"collapse\" class=\"collapsed\" data-parent=\"#accordian-1\" data-target=\"#collapse-1-2629\" href=\"#collapse-1-2629\"><div class=\"fusion-toggle-icon-wrapper\"><div class=\"fusion-toggle-icon-wrapper-main\"><div class=\"fusion-toggle-icon-wrapper-sub\"><i class=\"fa-fusion-box\" aria-hidden=\"true\"><\/i><\/div><\/div><\/div><div class=\"fusion-toggle-heading\">\u00bfPor qu\u00e9 no puedo iniciar sesi\u00f3n?<\/div><\/a><\/h4><\/div><div id=\"collapse-1-2629\" class=\"panel-collapse collapse\"><div class=\"panel-body toggle-content post-content\"><p>Al registrarse, recibir\u00e1 un correo electr\u00f3nico para solicitarle que active su cuenta.<\/p>\n<p>Si inicia sesi\u00f3n sin activar su cuenta haciendo clic en el enlace en su correo electr\u00f3nico de activaci\u00f3n.<\/p>\n<p>Ver\u00e1 el siguiente mensaje de error en el formulario de inicio de sesi\u00f3n:<\/p>\n<p><em><strong>C\u00f3digo: no autorizado, descripci\u00f3n: Verifique su correo electr\u00f3nico antes de iniciar sesi\u00f3n.<\/strong><\/em><\/p>\n<p>Por lo tanto, aseg\u00farese de activar su cuenta primero haciendo clic en el enlace en su correo electr\u00f3nico de activaci\u00f3n.<\/p>\n<p>&nbsp;<\/p>\n<p>Despu\u00e9s de esto, por favor regresa a <a href=\"https:\/\/sqlflow.gudusoft.com\">https:\/\/sqlflow.gudusoft.com<\/a> y vuelve a iniciar sesi\u00f3n.<\/p>\n<p>El siguiente mensaje de error aparecer\u00e1 si su navegador bloquea las cookies de terceros, por lo que deber\u00e1 deshabilitar la opci\u00f3n \u201cbloquear cookies de terceros\u201d en su navegador.<\/p>\n<p><em><strong>ticket de inicio de sesi\u00f3n desconocido o no v\u00e1lido<\/strong><\/em><\/p>\n<p><img decoding=\"async\" class=\"wp-image-2631\" src=\"https:\/\/www.gudusoft.com\/wp-content\/uploads\/2020\/12\/unknown-or-invalid-login-ticket.png\" alt=\"ticket de inicio de sesi\u00f3n desconocido o no v\u00e1lido\" width=\"487\" height=\"138\" srcset=\"https:\/\/www.gudusoft.com\/wp-content\/uploads\/2020\/12\/unknown-or-invalid-login-ticket-200x57.png 200w, https:\/\/www.gudusoft.com\/wp-content\/uploads\/2020\/12\/unknown-or-invalid-login-ticket-300x85.png 300w, https:\/\/www.gudusoft.com\/wp-content\/uploads\/2020\/12\/unknown-or-invalid-login-ticket-400x113.png 400w, https:\/\/www.gudusoft.com\/wp-content\/uploads\/2020\/12\/unknown-or-invalid-login-ticket-600x170.png 600w, https:\/\/www.gudusoft.com\/wp-content\/uploads\/2020\/12\/unknown-or-invalid-login-ticket-768x218.png 768w, https:\/\/www.gudusoft.com\/wp-content\/uploads\/2020\/12\/unknown-or-invalid-login-ticket.png 790w\" sizes=\"(max-width: 487px) 100vw, 487px\" \/><\/p>\n<p>&nbsp;<\/p>\n<p><em><strong>No se puede configurar la p\u00e1gina de verificaci\u00f3n<\/strong><\/em><\/p>\n<p><img decoding=\"async\" class=\"wp-image-2632\" src=\"https:\/\/www.gudusoft.com\/wp-content\/uploads\/2020\/12\/unable-to-configure-verfication-page-1.png\" alt=\"No se puede configurar la p\u00e1gina de verificaci\u00f3n\" width=\"490\" height=\"134\" srcset=\"https:\/\/www.gudusoft.com\/wp-content\/uploads\/2020\/12\/unable-to-configure-verfication-page-1-200x55.png 200w, https:\/\/www.gudusoft.com\/wp-content\/uploads\/2020\/12\/unable-to-configure-verfication-page-1-300x82.png 300w, https:\/\/www.gudusoft.com\/wp-content\/uploads\/2020\/12\/unable-to-configure-verfication-page-1-400x109.png 400w, https:\/\/www.gudusoft.com\/wp-content\/uploads\/2020\/12\/unable-to-configure-verfication-page-1-600x164.png 600w, https:\/\/www.gudusoft.com\/wp-content\/uploads\/2020\/12\/unable-to-configure-verfication-page-1.png 760w\" sizes=\"(max-width: 490px) 100vw, 490px\" \/><\/p>\n<p>&nbsp;<\/p>\n<h3>Soluci\u00f3n para Chrome<\/h3>\n<p>Debes tener la configuraci\u00f3n \u201cBloquear cookies de terceros\u201d deshabilitada en tu navegador.<\/p>\n<p>&nbsp;<\/p>\n<p><img decoding=\"async\" class=\"wp-image-2636\" src=\"https:\/\/www.gudusoft.com\/wp-content\/uploads\/2020\/12\/chrome-block-third-party-cookies-setting.jpg\" alt=\"Bloqueo de Chrome para la configuraci\u00f3n de cookies de terceros\" width=\"670\" height=\"360\" srcset=\"https:\/\/www.gudusoft.com\/wp-content\/uploads\/2020\/12\/chrome-block-third-party-cookies-setting-200x107.jpg 200w, https:\/\/www.gudusoft.com\/wp-content\/uploads\/2020\/12\/chrome-block-third-party-cookies-setting-300x161.jpg 300w, https:\/\/www.gudusoft.com\/wp-content\/uploads\/2020\/12\/chrome-block-third-party-cookies-setting-400x215.jpg 400w, https:\/\/www.gudusoft.com\/wp-content\/uploads\/2020\/12\/chrome-block-third-party-cookies-setting-600x322.jpg 600w, https:\/\/www.gudusoft.com\/wp-content\/uploads\/2020\/12\/chrome-block-third-party-cookies-setting-768x412.jpg 768w, https:\/\/www.gudusoft.com\/wp-content\/uploads\/2020\/12\/chrome-block-third-party-cookies-setting-800x430.jpg 800w, https:\/\/www.gudusoft.com\/wp-content\/uploads\/2020\/12\/chrome-block-third-party-cookies-setting-1024x550.jpg 1024w, https:\/\/www.gudusoft.com\/wp-content\/uploads\/2020\/12\/chrome-block-third-party-cookies-setting.jpg 1028w\" sizes=\"(max-width: 670px) 100vw, 670px\" \/><\/p>\n<p>&nbsp;<\/p>\n<h3>Soluci\u00f3n para Firefox<\/h3>\n<p><img decoding=\"async\" class=\"wp-image-2637\" src=\"https:\/\/www.gudusoft.com\/wp-content\/uploads\/2020\/12\/firefox-cookie.png\" alt=\"cookie de firefox\" width=\"545\" height=\"360\" srcset=\"https:\/\/www.gudusoft.com\/wp-content\/uploads\/2020\/12\/firefox-cookie-200x132.png 200w, https:\/\/www.gudusoft.com\/wp-content\/uploads\/2020\/12\/firefox-cookie-300x198.png 300w, https:\/\/www.gudusoft.com\/wp-content\/uploads\/2020\/12\/firefox-cookie-400x264.png 400w, https:\/\/www.gudusoft.com\/wp-content\/uploads\/2020\/12\/firefox-cookie-600x396.png 600w, https:\/\/www.gudusoft.com\/wp-content\/uploads\/2020\/12\/firefox-cookie-768x507.png 768w, https:\/\/www.gudusoft.com\/wp-content\/uploads\/2020\/12\/firefox-cookie-800x528.png 800w, https:\/\/www.gudusoft.com\/wp-content\/uploads\/2020\/12\/firefox-cookie.png 1004w\" sizes=\"(max-width: 545px) 100vw, 545px\" \/><\/p>\n<h3>Soluci\u00f3n para Edge<\/h3>\n<p><img decoding=\"async\" class=\"wp-image-2638\" src=\"https:\/\/www.gudusoft.com\/wp-content\/uploads\/2020\/12\/microsoft-edge-cookies-exceptions.png\" alt=\"Excepciones de cookies de Microsoft Edge\" width=\"568\" height=\"360\" srcset=\"https:\/\/www.gudusoft.com\/wp-content\/uploads\/2020\/12\/microsoft-edge-cookies-exceptions-200x127.png 200w, https:\/\/www.gudusoft.com\/wp-content\/uploads\/2020\/12\/microsoft-edge-cookies-exceptions-300x190.png 300w, https:\/\/www.gudusoft.com\/wp-content\/uploads\/2020\/12\/microsoft-edge-cookies-exceptions-320x202.png 320w, https:\/\/www.gudusoft.com\/wp-content\/uploads\/2020\/12\/microsoft-edge-cookies-exceptions-400x253.png 400w, https:\/\/www.gudusoft.com\/wp-content\/uploads\/2020\/12\/microsoft-edge-cookies-exceptions-600x380.png 600w, https:\/\/www.gudusoft.com\/wp-content\/uploads\/2020\/12\/microsoft-edge-cookies-exceptions-768x486.png 768w, https:\/\/www.gudusoft.com\/wp-content\/uploads\/2020\/12\/microsoft-edge-cookies-exceptions-800x507.png 800w, https:\/\/www.gudusoft.com\/wp-content\/uploads\/2020\/12\/microsoft-edge-cookies-exceptions-1024x649.png 1024w, https:\/\/www.gudusoft.com\/wp-content\/uploads\/2020\/12\/microsoft-edge-cookies-exceptions-1200x760.png 1200w, https:\/\/www.gudusoft.com\/wp-content\/uploads\/2020\/12\/microsoft-edge-cookies-exceptions-1536x973.png 1536w, https:\/\/www.gudusoft.com\/wp-content\/uploads\/2020\/12\/microsoft-edge-cookies-exceptions.png 1800w\" sizes=\"(max-width: 568px) 100vw, 568px\" \/><\/p>\n<\/div><\/div><\/div><\/div><\/div><\/div><\/div><\/div><\/div><style type=\"text\/css\">.fusion-body .fusion-builder-column-0{width:100% !important;margin-top : 0px;margin-bottom : 20px;}.fusion-builder-column-0 > .fusion-column-wrapper {padding-top : 0px !important;padding-right : 0px !important;margin-right : 1.92%;padding-bottom : 0px !important;padding-left : 0px !important;margin-left : 1.92%;}@media only screen and (max-width:1024px) {.fusion-body .fusion-builder-column-0{width:100% !important;order : 0;}.fusion-builder-column-0 > .fusion-column-wrapper {margin-right : 1.92%;margin-left : 1.92%;}}@media only screen and (max-width:640px) {.fusion-body .fusion-builder-column-0{width:100% !important;order : 0;}.fusion-builder-column-0 > .fusion-column-wrapper {margin-right : 1.92%;margin-left : 1.92%;}}<\/style><\/div><style type=\"text\/css\">.fusion-body .fusion-flex-container.fusion-builder-row-1{ padding-top : 0px;margin-top : 0px;padding-right : 0px;padding-bottom : 0px;margin-bottom : 0px;padding-left : 0px;}<\/style><\/div>","protected":false},"excerpt":{"rendered":"","protected":false},"author":1,"featured_media":0,"parent":0,"menu_order":0,"comment_status":"closed","ping_status":"closed","template":"","meta":[],"_links":{"self":[{"href":"https:\/\/www.gudusoft.com\/es\/wp-json\/wp\/v2\/pages\/2626"}],"collection":[{"href":"https:\/\/www.gudusoft.com\/es\/wp-json\/wp\/v2\/pages"}],"about":[{"href":"https:\/\/www.gudusoft.com\/es\/wp-json\/wp\/v2\/types\/page"}],"author":[{"embeddable":true,"href":"https:\/\/www.gudusoft.com\/es\/wp-json\/wp\/v2\/users\/1"}],"replies":[{"embeddable":true,"href":"https:\/\/www.gudusoft.com\/es\/wp-json\/wp\/v2\/comments?post=2626"}],"version-history":[{"count":4,"href":"https:\/\/www.gudusoft.com\/es\/wp-json\/wp\/v2\/pages\/2626\/revisions"}],"predecessor-version":[{"id":2648,"href":"https:\/\/www.gudusoft.com\/es\/wp-json\/wp\/v2\/pages\/2626\/revisions\/2648"}],"wp:attachment":[{"href":"https:\/\/www.gudusoft.com\/es\/wp-json\/wp\/v2\/media?parent=2626"}],"curies":[{"name":"wp","href":"https:\/\/api.w.org\/{rel}","templated":true}]}}