{"id":2619,"date":"2020-12-18T15:27:44","date_gmt":"2020-12-18T07:27:44","guid":{"rendered":"https:\/\/www.gudusoft.com\/?page_id=2619"},"modified":"2022-07-29T04:40:32","modified_gmt":"2022-07-29T12:40:32","slug":"data-lineage-knowledge-base","status":"publish","type":"page","link":"https:\/\/www.gudusoft.com\/es\/base-de-conocimiento-de-linaje-de-datos\/","title":{"rendered":"Base de conocimientos de herramientas de linaje de datos"},"content":{"rendered":"<div class=\"fusion-fullwidth fullwidth-box fusion-builder-row-1 fusion-flex-container nonhundred-percent-fullwidth non-hundred-percent-height-scrolling\" style=\"background-color: rgba(255,255,255,0);background-position: center center;background-repeat: no-repeat;border-width: 0px 0px 0px 0px;border-color:#e8eaf0;border-style:solid;\" ><div class=\"fusion-builder-row fusion-row fusion-flex-align-items-flex-start\" style=\"max-width:1310.4px;margin-left: calc(-4% \/ 2 );margin-right: calc(-4% \/ 2 );\"><div class=\"fusion-layout-column fusion_builder_column fusion-builder-column-0 fusion_builder_column_1_1 1_1 fusion-flex-column\"><div class=\"fusion-column-wrapper fusion-flex-justify-content-flex-start fusion-content-layout-column\" style=\"background-position:left top;background-repeat:no-repeat;-webkit-background-size:cover;-moz-background-size:cover;-o-background-size:cover;background-size:cover;padding: 0px 0px 0px 0px;\"><div class=\"fusion-blog-shortcode fusion-blog-shortcode-1 fusion-blog-archive fusion-blog-layout-medium fusion-blog-pagination\"><div class=\"fusion-posts-container fusion-posts-container-pagination fusion-no-meta-info fusion-blog-rollover\" data-pages=\"17\"><article id=\"blog-1-post-6353\" class=\"fusion-post-medium post-6353 post type-post status-publish format-standard has-post-thumbnail hentry category-uncategorized\">\n\t<style type=\"text\/css\">\n\t\t\n\t\t\n\t\t\n\t\t\n\t\t\t<\/style>\n\n\n\t\t\t<div class=\"fusion-flexslider flexslider fusion-flexslider-loading fusion-post-slideshow\" style=\"\">\n\t\t<ul class=\"slides\">\n\t\t\t\n\t\t\t\t\t\t\t\t\t\t\t\t\t\t<li>\n\n<div  class=\"fusion-image-wrapper fusion-image-size-fixed\" aria-haspopup=\"true\">\n\t\n\t\n\t\t\n\t\t\t\t\t<img width=\"320\" height=\"202\" src=\"https:\/\/www.gudusoft.com\/wp-content\/uploads\/2023\/02\/cropentropycstinysrgbfitmaxfmjpgixidMnw1Mzc1fDB8MXxzZWFyY2h8NTl8fGRhdGF8ZW58MHx8fHwxNjc1NTIyODk0ixlibrb-4.0.3q80w1080type-320x202.jpg\" class=\"attachment-blog-medium size-blog-medium wp-post-image\" alt=\"linaje de datos\" decoding=\"async\" srcset=\"https:\/\/www.gudusoft.com\/wp-content\/uploads\/2023\/02\/cropentropycstinysrgbfitmaxfmjpgixidMnw1Mzc1fDB8MXxzZWFyY2h8NTl8fGRhdGF8ZW58MHx8fHwxNjc1NTIyODk0ixlibrb-4.0.3q80w1080type-18x10.jpg 18w, https:\/\/www.gudusoft.com\/wp-content\/uploads\/2023\/02\/cropentropycstinysrgbfitmaxfmjpgixidMnw1Mzc1fDB8MXxzZWFyY2h8NTl8fGRhdGF8ZW58MHx8fHwxNjc1NTIyODk0ixlibrb-4.0.3q80w1080type-320x202.jpg 320w, https:\/\/www.gudusoft.com\/wp-content\/uploads\/2023\/02\/cropentropycstinysrgbfitmaxfmjpgixidMnw1Mzc1fDB8MXxzZWFyY2h8NTl8fGRhdGF8ZW58MHx8fHwxNjc1NTIyODk0ixlibrb-4.0.3q80w1080type-700x441.jpg 700w\" sizes=\"(max-width: 320px) 100vw, 320px\" \/>\n\t\n\n\t\t<div class=\"fusion-rollover\">\n\t<div class=\"fusion-rollover-content\">\n\n\t\t\t\t\t\t\t\t\t\t\t\t\t\t<a class=\"fusion-rollover-link\" href=\"https:\/\/www.gudusoft.com\/es\/linaje-de-datos-comprender-el-recorrido-de-sus-datos\/\">Linaje de datos: comprender el recorrido de sus datos<\/a>\n\t\t\t\n\t\t\t\t\t\t\t\t\n\t\t\t\t\n\t\t\t\t\t\t\t\t\n\t\t\t\t\t\t\t\t\n\t\t\n\t\t\t\t<a class=\"fusion-link-wrapper\" href=\"https:\/\/www.gudusoft.com\/es\/linaje-de-datos-comprender-el-recorrido-de-sus-datos\/\" aria-label=\"Linaje de datos: comprender el recorrido de sus datos\"><\/a>\n\t<\/div>\n<\/div>\n\n\t\n<\/div>\n<\/li>\n\t\t\t\n\t\t\t\n\t\t\t\t\t\t\t\t\t\t\t\t\t\t\t\t\t\t\t\t\t\t\t\t\t\t\t\t\t\t\t\t\t\t\t\t\t\t\t\t\t\t\t\t\t\t\t\t\t\t\t\t\t\t\t\t\t\t\t\t\t\t\t\t\t\t\t\t<\/ul>\n\t<\/div>\n\t<div class=\"fusion-post-content post-content\"><h2 class=\"blog-shortcode-post-title\"><a href=\"https:\/\/www.gudusoft.com\/es\/linaje-de-datos-comprender-el-recorrido-de-sus-datos\/\">Linaje de datos: comprender el recorrido de sus datos<\/a><\/h2><div class=\"fusion-post-content-container\"><p>Linaje de datos y Big Data. En la era del Big Data, las organizaciones dependen cada vez m\u00e1s de los datos para impulsar su proceso de toma de decisiones. Es fundamental que estos datos sean confiables, precisos y consistentes. Aqu\u00ed es donde entra en juego el Linaje de Datos. Datos.<\/p><\/div><\/div><div class=\"fusion-clearfix\"><\/div><\/article>\n<article id=\"blog-1-post-5891\" class=\"fusion-post-medium post-5891 post type-post status-publish format-standard has-post-thumbnail hentry category-data-governance-101 category-data-governance-roles tag-benefits-of-logical-data-flow-diagrams tag-benefits-of-physical-data-flow-diagrams tag-data-flow-diagram tag-data-flow-rules tag-gudu-sqlflow tag-logical-data-flow-diagrams tag-physical-data-flow-diagrams tag-what-are-the-symbols-of-a-data-flow-diagram tag-what-is-a-data-flow-diagram tag-why-draw-data-flow-diagrams\">\n\t<style type=\"text\/css\">\n\t\t\n\t\t\n\t\t\n\t\t\n\t\t\t<\/style>\n\n\n\t\t\t<div class=\"fusion-flexslider flexslider fusion-flexslider-loading fusion-post-slideshow\" style=\"\">\n\t\t<ul class=\"slides\">\n\t\t\t\n\t\t\t\t\t\t\t\t\t\t\t\t\t\t<li>\n\n<div  class=\"fusion-image-wrapper fusion-image-size-fixed\" aria-haspopup=\"true\">\n\t\n\t\n\t\t\n\t\t\t\t\t<img width=\"320\" height=\"202\" src=\"https:\/\/www.gudusoft.com\/wp-content\/uploads\/2022\/09\/Data_Flow_Diagram_Concepts_Symbols_Types_and_Tips-1-320x202.png\" class=\"attachment-blog-medium size-blog-medium wp-post-image\" alt=\"Diagrama de flujo de datos: conceptos, s\u00edmbolos, tipos y consejos\" decoding=\"async\" srcset=\"https:\/\/www.gudusoft.com\/wp-content\/uploads\/2022\/09\/Data_Flow_Diagram_Concepts_Symbols_Types_and_Tips-1-18x12.png 18w, https:\/\/www.gudusoft.com\/wp-content\/uploads\/2022\/09\/Data_Flow_Diagram_Concepts_Symbols_Types_and_Tips-1-200x125.png 200w, https:\/\/www.gudusoft.com\/wp-content\/uploads\/2022\/09\/Data_Flow_Diagram_Concepts_Symbols_Types_and_Tips-1-320x202.png 320w, https:\/\/www.gudusoft.com\/wp-content\/uploads\/2022\/09\/Data_Flow_Diagram_Concepts_Symbols_Types_and_Tips-1-700x441.png 700w\" sizes=\"(max-width: 320px) 100vw, 320px\" \/>\n\t\n\n\t\t<div class=\"fusion-rollover\">\n\t<div class=\"fusion-rollover-content\">\n\n\t\t\t\t\t\t\t\t\t\t\t\t\t\t<a class=\"fusion-rollover-link\" href=\"https:\/\/www.gudusoft.com\/es\/diagrama-de-flujo-de-datos-conceptos-simbolos-tipos-y-consejos\/\">Diagrama de flujo de datos: conceptos, s\u00edmbolos, tipos y consejos<\/a>\n\t\t\t\n\t\t\t\t\t\t\t\t\n\t\t\t\t\n\t\t\t\t\t\t\t\t\n\t\t\t\t\t\t\t\t\n\t\t\n\t\t\t\t<a class=\"fusion-link-wrapper\" href=\"https:\/\/www.gudusoft.com\/es\/diagrama-de-flujo-de-datos-conceptos-simbolos-tipos-y-consejos\/\" aria-label=\"Diagrama de flujo de datos: conceptos, s\u00edmbolos, tipos y consejos\"><\/a>\n\t<\/div>\n<\/div>\n\n\t\n<\/div>\n<\/li>\n\t\t\t\n\t\t\t\n\t\t\t\t\t\t\t\t\t\t\t\t\t\t\t\t\t\t\t\t\t\t\t\t\t\t\t\t\t\t\t\t\t\t\t\t\t\t\t\t\t\t\t\t\t\t\t\t\t\t\t\t\t\t\t\t\t\t\t\t\t\t\t\t\t\t\t\t<\/ul>\n\t<\/div>\n\t<div class=\"fusion-post-content post-content\"><h2 class=\"blog-shortcode-post-title\"><a href=\"https:\/\/www.gudusoft.com\/es\/diagrama-de-flujo-de-datos-conceptos-simbolos-tipos-y-consejos\/\">Diagrama de flujo de datos: conceptos, s\u00edmbolos, tipos y consejos<\/a><\/h2><div class=\"fusion-post-content-container\"><p> Diagrama de flujo de datos: Conceptos, s\u00edmbolos, tipos y consejos. \u00bfQu\u00e9 es un diagrama de flujo de datos? \u00bfPor qu\u00e9 dibujar diagramas de flujo de datos? \u00bfCu\u00e1les son los s\u00edmbolos de un diagrama de flujo de datos? \u00bfCu\u00e1les son las reglas del flujo de datos? \u00bfCu\u00e1l es la diferencia?<\/p><\/div><\/div><div class=\"fusion-clearfix\"><\/div><\/article>\n<article id=\"blog-1-post-5867\" class=\"fusion-post-medium post-5867 post type-post status-publish format-standard has-post-thumbnail hentry category-data-governance-101 category-data-governance-roles tag-critical-components-of-successful-data-governance tag-data-governance tag-data-governance-tools tag-data-mining tag-data-quality tag-data-strategy tag-gudu-sqlflow tag-metadata tag-metadata-management\">\n\t<style type=\"text\/css\">\n\t\t\n\t\t\n\t\t\n\t\t\n\t\t\t<\/style>\n\n\n\t\t\t<div class=\"fusion-flexslider flexslider fusion-flexslider-loading fusion-post-slideshow\" style=\"\">\n\t\t<ul class=\"slides\">\n\t\t\t\n\t\t\t\t\t\t\t\t\t\t\t\t\t\t<li>\n\n<div  class=\"fusion-image-wrapper fusion-image-size-fixed\" aria-haspopup=\"true\">\n\t\n\t\n\t\t\n\t\t\t\t\t<img width=\"320\" height=\"202\" src=\"https:\/\/www.gudusoft.com\/wp-content\/uploads\/2022\/09\/Critical_Components_of_Successful_Data_Governance-2-320x202.png\" class=\"attachment-blog-medium size-blog-medium wp-post-image\" alt=\"Componentes cr\u00edticos para una gobernanza de datos exitosa\" decoding=\"async\" srcset=\"https:\/\/www.gudusoft.com\/wp-content\/uploads\/2022\/09\/Critical_Components_of_Successful_Data_Governance-2-320x202.png 320w, https:\/\/www.gudusoft.com\/wp-content\/uploads\/2022\/09\/Critical_Components_of_Successful_Data_Governance-2-700x441.png 700w\" sizes=\"(max-width: 320px) 100vw, 320px\" \/>\n\t\n\n\t\t<div class=\"fusion-rollover\">\n\t<div class=\"fusion-rollover-content\">\n\n\t\t\t\t\t\t\t\t\t\t\t\t\t\t<a class=\"fusion-rollover-link\" href=\"https:\/\/www.gudusoft.com\/es\/componentes-criticos-para-una-gobernanza-de-datos-exitosa\/\">6 componentes cr\u00edticos para una gobernanza de datos exitosa<\/a>\n\t\t\t\n\t\t\t\t\t\t\t\t\n\t\t\t\t\n\t\t\t\t\t\t\t\t\n\t\t\t\t\t\t\t\t\n\t\t\n\t\t\t\t<a class=\"fusion-link-wrapper\" href=\"https:\/\/www.gudusoft.com\/es\/componentes-criticos-para-una-gobernanza-de-datos-exitosa\/\" aria-label=\"6 componentes cr\u00edticos para una gobernanza de datos exitosa\"><\/a>\n\t<\/div>\n<\/div>\n\n\t\n<\/div>\n<\/li>\n\t\t\t\n\t\t\t\n\t\t\t\t\t\t\t\t\t\t\t\t\t\t\t\t\t\t\t\t\t\t\t\t\t\t\t\t\t\t\t\t\t\t\t\t\t\t\t\t\t\t\t\t\t\t\t\t\t\t\t\t\t\t\t\t\t\t\t\t\t\t\t\t\t\t\t\t<\/ul>\n\t<\/div>\n\t<div class=\"fusion-post-content post-content\"><h2 class=\"blog-shortcode-post-title\"><a href=\"https:\/\/www.gudusoft.com\/es\/componentes-criticos-para-una-gobernanza-de-datos-exitosa\/\">6 componentes cr\u00edticos para una gobernanza de datos exitosa<\/a><\/h2><div class=\"fusion-post-content-container\"><p> 6 componentes cr\u00edticos para una gobernanza de datos exitosa. Una buena gobernanza de datos y an\u00e1lisis permite tomar decisiones m\u00e1s r\u00e1pidas e inteligentes. Los l\u00edderes de datos y an\u00e1lisis, incluidos los directores de datos, deben garantizar que sus activos de datos y an\u00e1lisis est\u00e9n bien gobernados para lograr la estrategia empresarial y...<\/p><\/div><\/div><div class=\"fusion-clearfix\"><\/div><\/article>\n<article id=\"blog-1-post-5849\" class=\"fusion-post-medium post-5849 post type-post status-publish format-standard has-post-thumbnail hentry category-data-governance-101 category-data-governance-roles tag-data-governance tag-data-governance-benefits tag-gudu-sqlflow tag-what-are-the-benefits-of-data-governance tag-what-are-the-problems-faced-by-big-data-governance tag-what-is-data-governance tag-why-data-governance-is-a-must-for-any-organization tag-why-data-governance-is-a-must\">\n\t<style type=\"text\/css\">\n\t\t\n\t\t\n\t\t\n\t\t\n\t\t\t<\/style>\n\n\n\t\t\t<div class=\"fusion-flexslider flexslider fusion-flexslider-loading fusion-post-slideshow\" style=\"\">\n\t\t<ul class=\"slides\">\n\t\t\t\n\t\t\t\t\t\t\t\t\t\t\t\t\t\t<li>\n\n<div  class=\"fusion-image-wrapper fusion-image-size-fixed\" aria-haspopup=\"true\">\n\t\n\t\n\t\t\n\t\t\t\t\t<img width=\"320\" height=\"202\" src=\"https:\/\/www.gudusoft.com\/wp-content\/uploads\/2022\/09\/Why_data_governance_is_a_must_for_any_organization-2-320x202.png\" class=\"attachment-blog-medium size-blog-medium wp-post-image\" alt=\"\u00bfPor qu\u00e9 la gobernanza de datos es imprescindible para cualquier organizaci\u00f3n?\" decoding=\"async\" srcset=\"https:\/\/www.gudusoft.com\/wp-content\/uploads\/2022\/09\/Why_data_governance_is_a_must_for_any_organization-2-18x10.png 18w, https:\/\/www.gudusoft.com\/wp-content\/uploads\/2022\/09\/Why_data_governance_is_a_must_for_any_organization-2-320x202.png 320w, https:\/\/www.gudusoft.com\/wp-content\/uploads\/2022\/09\/Why_data_governance_is_a_must_for_any_organization-2-700x441.png 700w\" sizes=\"(max-width: 320px) 100vw, 320px\" \/>\n\t\n\n\t\t<div class=\"fusion-rollover\">\n\t<div class=\"fusion-rollover-content\">\n\n\t\t\t\t\t\t\t\t\t\t\t\t\t\t<a class=\"fusion-rollover-link\" href=\"https:\/\/www.gudusoft.com\/es\/por-que-la-gobernanza-de-datos-es-imprescindible\/\">\u00bfPor qu\u00e9 la gobernanza de datos es imprescindible para cualquier organizaci\u00f3n?<\/a>\n\t\t\t\n\t\t\t\t\t\t\t\t\n\t\t\t\t\n\t\t\t\t\t\t\t\t\n\t\t\t\t\t\t\t\t\n\t\t\n\t\t\t\t<a class=\"fusion-link-wrapper\" href=\"https:\/\/www.gudusoft.com\/es\/por-que-la-gobernanza-de-datos-es-imprescindible\/\" aria-label=\"\u00bfPor qu\u00e9 la gobernanza de datos es imprescindible para cualquier organizaci\u00f3n?\"><\/a>\n\t<\/div>\n<\/div>\n\n\t\n<\/div>\n<\/li>\n\t\t\t\n\t\t\t\n\t\t\t\t\t\t\t\t\t\t\t\t\t\t\t\t\t\t\t\t\t\t\t\t\t\t\t\t\t\t\t\t\t\t\t\t\t\t\t\t\t\t\t\t\t\t\t\t\t\t\t\t\t\t\t\t\t\t\t\t\t\t\t\t\t\t\t\t<\/ul>\n\t<\/div>\n\t<div class=\"fusion-post-content post-content\"><h2 class=\"blog-shortcode-post-title\"><a href=\"https:\/\/www.gudusoft.com\/es\/por-que-la-gobernanza-de-datos-es-imprescindible\/\">\u00bfPor qu\u00e9 la gobernanza de datos es imprescindible para cualquier organizaci\u00f3n?<\/a><\/h2><div class=\"fusion-post-content-container\"><p> \u00bfPor qu\u00e9 la gobernanza de datos es imprescindible para cualquier organizaci\u00f3n? \u00bfQu\u00e9 es la gobernanza de datos? \u00bfCu\u00e1les son los problemas que enfrenta la gobernanza del big data? \u00bfPor qu\u00e9 la gobernanza de datos es imprescindible para cualquier organizaci\u00f3n? \u00bfCu\u00e1les son los beneficios de la gobernanza de datos? Si<\/p><\/div><\/div><div class=\"fusion-clearfix\"><\/div><\/article>\n<article id=\"blog-1-post-5830\" class=\"fusion-post-medium post-5830 post type-post status-publish format-standard has-post-thumbnail hentry category-data-governance-101 category-data-governance-roles tag-benefits-of-data-governance tag-data-governance tag-data-governance-benefits tag-gudu-sqlflow\">\n\t<style type=\"text\/css\">\n\t\t\n\t\t\n\t\t\n\t\t\n\t\t\t<\/style>\n\n\n\t\t\t<div class=\"fusion-flexslider flexslider fusion-flexslider-loading fusion-post-slideshow\" style=\"\">\n\t\t<ul class=\"slides\">\n\t\t\t\n\t\t\t\t\t\t\t\t\t\t\t\t\t\t<li>\n\n<div  class=\"fusion-image-wrapper fusion-image-size-fixed\" aria-haspopup=\"true\">\n\t\n\t\n\t\t\n\t\t\t\t\t<img width=\"320\" height=\"202\" src=\"https:\/\/www.gudusoft.com\/wp-content\/uploads\/2022\/09\/Data_Governance_Benefits-2-320x202.png\" class=\"attachment-blog-medium size-blog-medium wp-post-image\" alt=\"Beneficios de la gobernanza de datos\" decoding=\"async\" srcset=\"https:\/\/www.gudusoft.com\/wp-content\/uploads\/2022\/09\/Data_Governance_Benefits-2-18x12.png 18w, https:\/\/www.gudusoft.com\/wp-content\/uploads\/2022\/09\/Data_Governance_Benefits-2-320x202.png 320w, https:\/\/www.gudusoft.com\/wp-content\/uploads\/2022\/09\/Data_Governance_Benefits-2-700x441.png 700w\" sizes=\"(max-width: 320px) 100vw, 320px\" \/>\n\t\n\n\t\t<div class=\"fusion-rollover\">\n\t<div class=\"fusion-rollover-content\">\n\n\t\t\t\t\t\t\t\t\t\t\t\t\t\t<a class=\"fusion-rollover-link\" href=\"https:\/\/www.gudusoft.com\/es\/beneficios-de-la-gobernanza-de-datos\/\">Los 5 principales beneficios de la gobernanza de datos para hoy y a largo plazo<\/a>\n\t\t\t\n\t\t\t\t\t\t\t\t\n\t\t\t\t\n\t\t\t\t\t\t\t\t\n\t\t\t\t\t\t\t\t\n\t\t\n\t\t\t\t<a class=\"fusion-link-wrapper\" href=\"https:\/\/www.gudusoft.com\/es\/beneficios-de-la-gobernanza-de-datos\/\" aria-label=\"Los 5 principales beneficios de la gobernanza de datos para hoy y a largo plazo\"><\/a>\n\t<\/div>\n<\/div>\n\n\t\n<\/div>\n<\/li>\n\t\t\t\n\t\t\t\n\t\t\t\t\t\t\t\t\t\t\t\t\t\t\t\t\t\t\t\t\t\t\t\t\t\t\t\t\t\t\t\t\t\t\t\t\t\t\t\t\t\t\t\t\t\t\t\t\t\t\t\t\t\t\t\t\t\t\t\t\t\t\t\t\t\t\t\t<\/ul>\n\t<\/div>\n\t<div class=\"fusion-post-content post-content\"><h2 class=\"blog-shortcode-post-title\"><a href=\"https:\/\/www.gudusoft.com\/es\/beneficios-de-la-gobernanza-de-datos\/\">Los 5 principales beneficios de la gobernanza de datos para hoy y a largo plazo<\/a><\/h2><div class=\"fusion-post-content-container\"><p> Los 5 principales beneficios de la gobernanza de datos para hoy y a largo plazo. Con la continua madurez de las tecnolog\u00edas relacionadas con el big data, los datos como activo han recibido cada vez m\u00e1s atenci\u00f3n por parte de empresas e instituciones. Para utilizar los datos eficazmente...<\/p><\/div><\/div><div class=\"fusion-clearfix\"><\/div><\/article>\n<article id=\"blog-1-post-5810\" class=\"fusion-post-medium post-5810 post type-post status-publish format-standard has-post-thumbnail hentry category-data-governance-101 category-data-governance-roles tag-data-governance-drivers tag-definition-of-data-governance tag-gudu-sqlflow tag-purpose-of-data-governance tag-scope-of-the-data-governance-project tag-the-way-of-data-governance tag-ultimate-guide-to-data-governance\">\n\t<style type=\"text\/css\">\n\t\t\n\t\t\n\t\t\n\t\t\n\t\t\t<\/style>\n\n\n\t\t\t<div class=\"fusion-flexslider flexslider fusion-flexslider-loading fusion-post-slideshow\" style=\"\">\n\t\t<ul class=\"slides\">\n\t\t\t\n\t\t\t\t\t\t\t\t\t\t\t\t\t\t<li>\n\n<div  class=\"fusion-image-wrapper fusion-image-size-fixed\" aria-haspopup=\"true\">\n\t\n\t\n\t\t\n\t\t\t\t\t<img width=\"320\" height=\"202\" src=\"https:\/\/www.gudusoft.com\/wp-content\/uploads\/2022\/09\/The_Ultimate_Guide_to_Data_Governance-2-320x202.png\" class=\"attachment-blog-medium size-blog-medium wp-post-image\" alt=\"La gu\u00eda definitiva para la gobernanza de datos\" decoding=\"async\" srcset=\"https:\/\/www.gudusoft.com\/wp-content\/uploads\/2022\/09\/The_Ultimate_Guide_to_Data_Governance-2-18x10.png 18w, https:\/\/www.gudusoft.com\/wp-content\/uploads\/2022\/09\/The_Ultimate_Guide_to_Data_Governance-2-320x202.png 320w, https:\/\/www.gudusoft.com\/wp-content\/uploads\/2022\/09\/The_Ultimate_Guide_to_Data_Governance-2-700x441.png 700w\" sizes=\"(max-width: 320px) 100vw, 320px\" \/>\n\t\n\n\t\t<div class=\"fusion-rollover\">\n\t<div class=\"fusion-rollover-content\">\n\n\t\t\t\t\t\t\t\t\t\t\t\t\t\t<a class=\"fusion-rollover-link\" href=\"https:\/\/www.gudusoft.com\/es\/guia-definitiva-para-la-gobernanza-de-datos\/\">La gu\u00eda definitiva para la gobernanza de datos | Gudu SQLFlow<\/a>\n\t\t\t\n\t\t\t\t\t\t\t\t\n\t\t\t\t\n\t\t\t\t\t\t\t\t\n\t\t\t\t\t\t\t\t\n\t\t\n\t\t\t\t<a class=\"fusion-link-wrapper\" href=\"https:\/\/www.gudusoft.com\/es\/guia-definitiva-para-la-gobernanza-de-datos\/\" aria-label=\"La gu\u00eda definitiva para la gobernanza de datos | Gudu SQLFlow\"><\/a>\n\t<\/div>\n<\/div>\n\n\t\n<\/div>\n<\/li>\n\t\t\t\n\t\t\t\n\t\t\t\t\t\t\t\t\t\t\t\t\t\t\t\t\t\t\t\t\t\t\t\t\t\t\t\t\t\t\t\t\t\t\t\t\t\t\t\t\t\t\t\t\t\t\t\t\t\t\t\t\t\t\t\t\t\t\t\t\t\t\t\t\t\t\t\t<\/ul>\n\t<\/div>\n\t<div class=\"fusion-post-content post-content\"><h2 class=\"blog-shortcode-post-title\"><a href=\"https:\/\/www.gudusoft.com\/es\/guia-definitiva-para-la-gobernanza-de-datos\/\">La gu\u00eda definitiva para la gobernanza de datos | Gudu SQLFlow<\/a><\/h2><div class=\"fusion-post-content-container\"><p> La gu\u00eda definitiva para la gobernanza de datos. \u00bfQu\u00e9 es la gobernanza de datos? \u00bfCu\u00e1l es su prop\u00f3sito? \u00bfCu\u00e1les son las formas de gobernanza de datos? \u00bfCu\u00e1l es el alcance de un proyecto de gobernanza de datos? Si busca respuestas a estas preguntas...<\/p><\/div><\/div><div class=\"fusion-clearfix\"><\/div><\/article>\n<\/div><div class=\"pagination clearfix\"><span class=\"current\">1<\/span><a href=\"https:\/\/www.gudusoft.com\/es\/wp-json\/wp\/v2\/pages\/2619\/page\/2\/\" class=\"inactive\">2<\/a><a class=\"pagination-next\" rel=\"next\" href=\"https:\/\/www.gudusoft.com\/es\/wp-json\/wp\/v2\/pages\/2619\/page\/2\/\"><span class=\"page-text\">Next<\/span><span class=\"page-next\"><\/span><\/a><\/div><div class=\"fusion-clearfix\"><\/div><\/div><\/div><\/div><style type=\"text\/css\">.fusion-body .fusion-builder-column-0{width:100% !important;margin-top : 0px;margin-bottom : 20px;}.fusion-builder-column-0 > .fusion-column-wrapper {padding-top : 0px !important;padding-right : 0px !important;margin-right : 1.92%;padding-bottom : 0px !important;padding-left : 0px !important;margin-left : 1.92%;}@media only screen and (max-width:1024px) {.fusion-body .fusion-builder-column-0{width:100% !important;order : 0;}.fusion-builder-column-0 > .fusion-column-wrapper {margin-right : 1.92%;margin-left : 1.92%;}}@media only screen and (max-width:640px) {.fusion-body .fusion-builder-column-0{width:100% !important;order : 0;}.fusion-builder-column-0 > .fusion-column-wrapper {margin-right : 1.92%;margin-left : 1.92%;}}<\/style><\/div><style type=\"text\/css\">.fusion-body .fusion-flex-container.fusion-builder-row-1{ padding-top : 0px;margin-top : 0px;padding-right : 0px;padding-bottom : 0px;margin-bottom : 0px;padding-left : 0px;}<\/style><\/div>","protected":false},"excerpt":{"rendered":"","protected":false},"author":1,"featured_media":0,"parent":0,"menu_order":0,"comment_status":"closed","ping_status":"closed","template":"","meta":[],"_links":{"self":[{"href":"https:\/\/www.gudusoft.com\/es\/wp-json\/wp\/v2\/pages\/2619"}],"collection":[{"href":"https:\/\/www.gudusoft.com\/es\/wp-json\/wp\/v2\/pages"}],"about":[{"href":"https:\/\/www.gudusoft.com\/es\/wp-json\/wp\/v2\/types\/page"}],"author":[{"embeddable":true,"href":"https:\/\/www.gudusoft.com\/es\/wp-json\/wp\/v2\/users\/1"}],"replies":[{"embeddable":true,"href":"https:\/\/www.gudusoft.com\/es\/wp-json\/wp\/v2\/comments?post=2619"}],"version-history":[{"count":7,"href":"https:\/\/www.gudusoft.com\/es\/wp-json\/wp\/v2\/pages\/2619\/revisions"}],"predecessor-version":[{"id":5290,"href":"https:\/\/www.gudusoft.com\/es\/wp-json\/wp\/v2\/pages\/2619\/revisions\/5290"}],"wp:attachment":[{"href":"https:\/\/www.gudusoft.com\/es\/wp-json\/wp\/v2\/media?parent=2619"}],"curies":[{"name":"wp","href":"https:\/\/api.w.org\/{rel}","templated":true}]}}